{"id":893,"date":"2023-12-14T14:52:05","date_gmt":"2023-12-14T13:52:05","guid":{"rendered":"https:\/\/www.aqua-spa.hr\/?page_id=893"},"modified":"2024-03-28T14:30:26","modified_gmt":"2024-03-28T13:30:26","slug":"servis","status":"publish","type":"page","link":"https:\/\/aqua-spa.hr\/en\/servis\/","title":{"rendered":"Servis"},"content":{"rendered":"<p><div class=\"fusion-fullwidth fullwidth-box fusion-builder-row-1 fusion-flex-container has-pattern-background has-mask-background nonhundred-percent-fullwidth non-hundred-percent-height-scrolling\" style=\"--awb-border-radius-top-left:0px;--awb-border-radius-top-right:0px;--awb-border-radius-bottom-right:0px;--awb-border-radius-bottom-left:0px;--awb-flex-wrap:wrap;\" ><div class=\"fusion-builder-row fusion-row fusion-flex-align-items-flex-start fusion-flex-content-wrap\" style=\"max-width:1248px;margin-left: calc(-4% \/ 2 );margin-right: calc(-4% \/ 2 );\"><div class=\"fusion-layout-column fusion_builder_column fusion-builder-column-0 fusion_builder_column_1_1 1_1 fusion-flex-column\" style=\"--awb-bg-size:cover;--awb-width-large:100%;--awb-margin-top-large:0px;--awb-spacing-right-large:1.92%;--awb-margin-bottom-large:27px;--awb-spacing-left-large:1.92%;--awb-width-medium:100%;--awb-order-medium:0;--awb-spacing-right-medium:1.92%;--awb-spacing-left-medium:1.92%;--awb-width-small:100%;--awb-order-small:0;--awb-spacing-right-small:1.92%;--awb-spacing-left-small:1.92%;\"><div class=\"fusion-column-wrapper fusion-column-has-shadow fusion-flex-justify-content-flex-start fusion-content-layout-column\"><div class=\"fusion-title title fusion-title-1 fusion-sep-none fusion-title-text fusion-title-size-one\"><h1 class=\"fusion-title-heading title-heading-left\" style=\"margin:0;\">TREBATE SERVIS ILI REZERVNI DIO?<br \/>\n<span style=\"font-size: 15px; margin-top: 1px; color: var(--awb-color6);\" data-fusion-font=\"true\">Ako se ne radi o originalnom Jacuzzi\u00ae proizvodu, molim da nas ne kontaktirate!<br \/>\n<\/span><\/h1><\/div><\/div><\/div><\/div><\/div><div class=\"fusion-fullwidth fullwidth-box fusion-builder-row-2 fusion-flex-container has-pattern-background has-mask-background nonhundred-percent-fullwidth non-hundred-percent-height-scrolling\" style=\"--awb-border-radius-top-left:0px;--awb-border-radius-top-right:0px;--awb-border-radius-bottom-right:0px;--awb-border-radius-bottom-left:0px;--awb-flex-wrap:wrap;\" ><div class=\"fusion-builder-row fusion-row fusion-flex-align-items-flex-start fusion-flex-content-wrap\" style=\"max-width:1248px;margin-left: calc(-4% \/ 2 );margin-right: calc(-4% \/ 2 );\"><div class=\"fusion-layout-column fusion_builder_column fusion-builder-column-1 fusion_builder_column_1_2 1_2 fusion-flex-column\" style=\"--awb-padding-top:25px;--awb-bg-size:cover;--awb-width-large:50%;--awb-margin-top-large:0px;--awb-spacing-right-large:3.84%;--awb-margin-bottom-large:20px;--awb-spacing-left-large:3.84%;--awb-width-medium:50%;--awb-order-medium:0;--awb-spacing-right-medium:3.84%;--awb-spacing-left-medium:3.84%;--awb-width-small:100%;--awb-order-small:0;--awb-spacing-right-small:1.92%;--awb-spacing-left-small:1.92%;\"><div class=\"fusion-column-wrapper fusion-column-has-shadow fusion-flex-justify-content-flex-start fusion-content-layout-column\"><div class=\"fusion-text fusion-text-1\" style=\"--awb-content-alignment:justify;\"><p><b>Najbr\u017ei odgovor na upit za termin servisa, rezervne i potro\u0161ne dijelove, dat \u0107emo ako nam:<\/b><\/p>\n<ul>\n<li>Po\u0161aljete sliku srebrne naljepnice sa serijskim brojem, obi\u010dno lako uo\u010dljiva, ali ne i neophodna. Obi\u010dno se jedna naljepnica nalazi na boku proizvoda, a druga unutar proizvoda, tj. blizu elektronike ili negdje na konstrukciji.<\/li>\n<li>Po\u0161aljete par fotografija proizvoda, iz vi\u0161e kutova, da se \u010dim bolje vidi proizvod u cjelini ili sporan dio proizvoda<\/li>\n<li>Opi\u0161ete ukratko potencijalan problem i va\u0161a osnovna zapa\u017eanja<\/li>\n<li>Javite da li se na display-u ispisuje neka gre\u0161ka, te ako da o kojoj se gre\u0161ci radi.<\/li>\n<li>I ono osnovno, ime &#8211; prezime &#8211; broj mobitela i\/ili kontakt osobe &#8211; email &#8211; adresa i\/ili adresa proizvoda &#8211; OIB za pravne osobe.<\/li>\n<\/ul>\n<div>*U posjedu smo velike ve\u0107ine dokumentacije na\u0161ih klijenata od ranije.<\/div>\n<\/div><div class=\"fusion-separator fusion-full-width-sep\" style=\"align-self: center;margin-left: auto;margin-right: auto;margin-top:20px;margin-bottom:20px;width:100%;\"><\/div><div class=\"fusion-text fusion-text-2\" style=\"--awb-content-alignment:justify;\"><p><b>Evo nekoliko pravila \u0161to (ne) raditi:<\/b><\/p>\n<ul>\n<li><span style=\"color: var(--awb-color5);\"><span style=\"color: var(--awb-color6);\">Ako se ne radi o originalnom Jacuzzi<\/span><\/span><span style=\"color: var(--awb-color6);\">\u00ae<\/span><span style=\"color: var(--awb-color5);\"><span style=\"color: var(--awb-color6);\"> proizvodu, molim da nas ne kontaktirate! <\/span><\/span><br \/>\nRadimo isklju\u010divo i samo original Jacuzzi\u00ae marku, jer za druge proizvode nemamo dijelova, ali i ne smijemo zbog ugovora s tvornicom.<\/li>\n<li>Ukoliko na\u0161e proizvode koristite u komercijalne svrhe, nakon sezone, na vrijeme ih pustite u rad, dopunite zalihe sredstava za tretiranje, budite spremni za sezonu kako bi izbjegli: &#8220;Gosti dolaze za vikend&#8230;&#8221;.<\/li>\n<li>Telefonski poziv poput: \u201eEj! Imam Jacuzzi\u00ae trebam servis\u2026 Zna\u0161 onaj model\u2026 Ma to je isti filter\u2026 i sl.&#8221;, sigurno ne\u0107e uroditi plodom i ubrzati procese, ve\u0107 ih samo usporiti i pove\u0107ati \u0161anse za gre\u0161ke i problema.<\/li>\n<li>Da, i Jacuzzi\u00ae se kvari, ali mahom je kriv ljudski faktor ili prirodne nepogode, a ne stroj. No, zato smo mi tu ve\u0107 30 godina!<\/li>\n<\/ul>\n<\/div><\/div><\/div><div class=\"fusion-layout-column fusion_builder_column fusion-builder-column-2 fusion_builder_column_1_2 1_2 fusion-flex-column fusion-flex-align-self-flex-start\" style=\"--awb-bg-size:cover;--awb-width-large:50%;--awb-margin-top-large:0px;--awb-spacing-right-large:3.84%;--awb-margin-bottom-large:20px;--awb-spacing-left-large:3.84%;--awb-width-medium:50%;--awb-order-medium:0;--awb-spacing-right-medium:3.84%;--awb-spacing-left-medium:3.84%;--awb-width-small:100%;--awb-order-small:0;--awb-spacing-right-small:1.92%;--awb-spacing-left-small:1.92%;\"><div class=\"fusion-column-wrapper fusion-column-has-shadow fusion-flex-justify-content-flex-start fusion-content-layout-column\"><div class=\"fusion-form fusion-form-builder fusion-form-form-wrapper fusion-form-1539 has-icon-alignment\" style=\"--awb-tooltip-text-color:var(--awb-color1);--awb-tooltip-background-color:var(--awb-color5);--awb-form-bg-color:hsla(var(--awb-color1-h),var(--awb-color1-s),var(--awb-color1-l),calc(var(--awb-color1-a) - 100%));--awb-form-select-bg:var(--awb-color1);--awb-form-font-size:16px;--awb-form-placeholder-color:hsla(var(--awb-color6-h),var(--awb-color6-s),var(--awb-color6-l),calc(var(--awb-color6-a) - 20%));--awb-form-text-color:var(--awb-color6);--awb-form-label-color:var(--awb-color6);--awb-form-border-width-top:0px;--awb-form-border-width-bottom:2px;--awb-form-border-width-right:0px;--awb-form-border-width-left:0px;--awb-form-border-color:hsla(var(--awb-color6-h),var(--awb-color6-s),var(--awb-color6-l),calc(var(--awb-color6-a) - 70%));--awb-form-focus-border-color:var(--awb-color5);--awb-form-focus-border-hover-color:hsla(var(--awb-color5-h),var(--awb-color5-s),var(--awb-color5-l),calc(var(--awb-color5-a) - 50%));--awb-icon-alignment-top:0px;--awb-icon-alignment-bottom:2px;--awb-icon-alignment-font-size:16px;\" data-form-id=\"1539\" data-config=\"{&quot;form_id&quot;:&quot;1539&quot;,&quot;form_post_id&quot;:&quot;1539&quot;,&quot;post_id&quot;:893,&quot;form_type&quot;:&quot;ajax&quot;,&quot;confirmation_type&quot;:&quot;redirect&quot;,&quot;redirect_url&quot;:&quot;https:\\\/\\\/aqua-spa.hr\\\/kontakt\\\/poslana-poruka-servis&quot;,&quot;field_labels&quot;:{&quot;ime&quot;:&quot;&quot;,&quot;prezime&quot;:&quot;&quot;,&quot;broj_telefona&quot;:&quot;&quot;,&quot;email&quot;:&quot;&quot;,&quot;ime_tvrtke&quot;:&quot;&quot;,&quot;adresa_isporuke&quot;:&quot;&quot;,&quot;predmet_poruke&quot;:&quot;&quot;,&quot;text_poruke&quot;:&quot;&quot;,&quot;Prilo\\u017ei fotografiju ili dokument &quot;:&quot;Prilo\\u017ei fotografiju ili dokument &quot;,&quot;privola&quot;:&quot;Privola&quot;},&quot;field_logics&quot;:{&quot;ime&quot;:&quot;&quot;,&quot;prezime&quot;:&quot;&quot;,&quot;broj_telefona&quot;:&quot;&quot;,&quot;email&quot;:&quot;&quot;,&quot;ime_tvrtke&quot;:&quot;&quot;,&quot;adresa_isporuke&quot;:&quot;[]&quot;,&quot;predmet_poruke&quot;:&quot;&quot;,&quot;text_poruke&quot;:&quot;&quot;,&quot;Prilo\\u017ei fotografiju ili dokument &quot;:&quot;&quot;,&quot;privola&quot;:&quot;&quot;,&quot;notice_1&quot;:&quot;&quot;,&quot;submit_1&quot;:&quot;&quot;},&quot;field_types&quot;:{&quot;ime&quot;:&quot;text&quot;,&quot;prezime&quot;:&quot;text&quot;,&quot;broj_telefona&quot;:&quot;phone_number&quot;,&quot;email&quot;:&quot;email&quot;,&quot;ime_tvrtke&quot;:&quot;text&quot;,&quot;adresa_isporuke&quot;:&quot;text&quot;,&quot;predmet_poruke&quot;:&quot;text&quot;,&quot;text_poruke&quot;:&quot;textarea&quot;,&quot;Prilo\\u017ei fotografiju ili dokument &quot;:&quot;upload&quot;,&quot;privola&quot;:&quot;radio&quot;,&quot;notice_1&quot;:&quot;notice&quot;,&quot;submit_1&quot;:&quot;submit&quot;},&quot;nonce_method&quot;:&quot;ajax&quot;,&quot;form_views&quot;:&quot;ajax&quot;,&quot;form_views_counting&quot;:&quot;all&quot;}\"><form action=\"https:\/\/aqua-spa.hr\/en\/servis\/\" method=\"post\" class=\"fusion-form fusion-form-1539\" enctype=\"multipart\/form-data\" data-trp-original-action=\"https:\/\/aqua-spa.hr\/en\/servis\/\"><div class=\"fusion-fullwidth fullwidth-box fusion-builder-row-2-1 fusion-flex-container has-pattern-background has-mask-background nonhundred-percent-fullwidth non-hundred-percent-height-scrolling\" style=\"--link_hover_color: #f45c20;--link_color: var(--awb-color5);--awb-border-sizes-top:0px;--awb-border-sizes-bottom:0px;--awb-border-sizes-left:0px;--awb-border-sizes-right:0px;--awb-border-radius-top-left:0px;--awb-border-radius-top-right:0px;--awb-border-radius-bottom-right:0px;--awb-border-radius-bottom-left:0px;--awb-padding-top:0px;--awb-padding-right:30px;--awb-padding-bottom:30px;--awb-padding-left:30px;--awb-margin-top:0px;--awb-margin-bottom:0px;--awb-flex-wrap:wrap;\" ><div class=\"fusion-builder-row fusion-row fusion-flex-align-items-center fusion-flex-content-wrap\" style=\"width:104% !important;max-width:104% !important;margin-left: calc(-4% \/ 2 );margin-right: calc(-4% \/ 2 );\"><div class=\"fusion-layout-column fusion_builder_column fusion-builder-column-3 fusion_builder_column_1_1 1_1 fusion-flex-column\" style=\"--awb-bg-size:cover;--awb-width-large:100%;--awb-flex-grow:0;--awb-flex-shrink:0;--awb-margin-top-large:0px;--awb-spacing-right-large:1.92%;--awb-margin-bottom-large:10px;--awb-spacing-left-large:1.92%;--awb-width-medium:100%;--awb-order-medium:0;--awb-flex-grow-medium:0;--awb-flex-shrink-medium:0;--awb-spacing-right-medium:1.92%;--awb-spacing-left-medium:1.92%;--awb-width-small:100%;--awb-order-small:0;--awb-flex-grow-small:0;--awb-flex-shrink-small:0;--awb-spacing-right-small:1.92%;--awb-spacing-left-small:1.92%;\" data-scroll-devices=\"small-visibility,medium-visibility,large-visibility\"><div class=\"fusion-column-wrapper fusion-column-has-shadow fusion-flex-justify-content-flex-start fusion-content-layout-column\"><div class=\"fusion-form-field fusion-form-text-field fusion-form-label-above\" style=\"\" data-form-id=\"1539\"><div class=\"fusion-form-input-with-icon\"><i class=\"awb-form-icon fa-angle-double-right fas\"><\/i><input type=\"text\" autocomplete=\"off\" name=\"ime\" id=\"ime\" value=\"\"  class=\"fusion-form-input\" required=\"true\" aria-required=\"true\" placeholder=\"Ime *\" data-holds-private-data=\"false\" minlength=\"0\"\/><\/div><\/div><div class=\"fusion-form-field fusion-form-text-field fusion-form-label-above\" style=\"\" data-form-id=\"1539\"><div class=\"fusion-form-input-with-icon\"><i class=\"awb-form-icon fa-angle-double-right fas\"><\/i><input type=\"text\" autocomplete=\"off\" name=\"prezime\" id=\"prezime\" value=\"\"  class=\"fusion-form-input\" required=\"true\" aria-required=\"true\" placeholder=\"Prezime *\" data-holds-private-data=\"false\" minlength=\"0\"\/><\/div><\/div><div class=\"fusion-form-field fusion-form-phone-number-field fusion-form-label-above\" style=\"\" data-form-id=\"1539\"><div class=\"fusion-form-input-with-icon\"><i class=\"awb-form-icon digital-phone\"><\/i><input type=\"tel\" autocomplete=\"off\" name=\"broj_telefona\" id=\"broj_telefona\" value=\"\"  class=\"fusion-form-input\" required=\"true\" aria-required=\"true\" placeholder=\"Broj telefona *\" data-holds-private-data=\"false\"\/><\/div><\/div><div class=\"fusion-form-field fusion-form-email-field fusion-form-label-above\" style=\"\" data-form-id=\"1539\"><div class=\"fusion-form-input-with-icon\"><i class=\"awb-form-icon digital-envelope\"><\/i><input type=\"email\" autocomplete=\"off\" name=\"email\" id=\"email\" value=\"\"  class=\"fusion-form-input\" placeholder=\"Email \" data-holds-private-data=\"false\"\/><\/div><\/div><div class=\"fusion-form-field fusion-form-text-field fusion-form-label-above\" style=\"\" data-form-id=\"1539\"><div class=\"fusion-form-input-with-icon\"><i class=\"awb-form-icon fa-store-alt fas\"><\/i><input type=\"text\" autocomplete=\"off\" name=\"ime_tvrtke\" id=\"ime_tvrtke\" value=\"\"  class=\"fusion-form-input\" placeholder=\"Ime tvrtke \" data-holds-private-data=\"false\" minlength=\"0\"\/><\/div><\/div><div class=\"fusion-form-field fusion-form-text-field fusion-form-label-above\" style=\"\" data-form-id=\"1539\"><div class=\"fusion-form-input-with-icon\"><i class=\"awb-form-icon fa-map-marker-alt fas\"><\/i><input type=\"text\" autocomplete=\"off\" name=\"adresa_isporuke\" id=\"adresa_isporuke\" value=\"\"  class=\"fusion-form-input\" placeholder=\"Adresa servisa \/ Adresa dostave dijelova \" data-holds-private-data=\"false\" minlength=\"0\"\/><\/div><\/div><div class=\"fusion-form-field fusion-form-text-field fusion-form-label-above\" style=\"\" data-form-id=\"1539\"><div class=\"fusion-form-input-with-icon\"><i class=\"awb-form-icon fa-bars fas\"><\/i><input type=\"text\" autocomplete=\"off\" name=\"predmet_poruke\" id=\"predmet_poruke\" value=\"\"  class=\"fusion-form-input\" placeholder=\"Predmet poruke \" data-holds-private-data=\"false\" minlength=\"0\"\/><\/div><\/div><div class=\"fusion-form-field fusion-form-textarea-field fusion-form-label-above\" style=\"\" data-form-id=\"1539\"><div class=\"fusion-form-input-with-icon\"><i class=\"fa-comment-alt fas\"><\/i><textarea cols=\"40\" autocomplete=\"off\" data-empty-notice=\"Morate unijeti poruku.\"  minlength=\"0\"  rows=\"5\" tabindex=\"\" id=\"text_poruke\" name=\"text_poruke\" class=\"fusion-form-input\" required=\"true\" aria-required=\"true\" placeholder=\"Va\u0161a poruka *\" data-holds-private-data=\"false\"><\/textarea><\/div><\/div><div class=\"fusion-form-field fusion-form-upload-field fusion-form-label-above\" style=\"--awb-preview-thumb-width:115px;\" data-form-id=\"1539\"><label for=\"Prilo\u017ei fotografiju ili dokument \">Prilo\u017ei fotografiju ili dokument <\/label><div class=\"fusion-form-tooltip\"><i class=\"awb-icon-question-circle\"><\/i><span class=\"fusion-form-tooltip-content\">Dokument mora biti manji od 8 MB.<\/span><\/div><div class=\"fusion-form-input-with-icon\"><i class=\"fa-cloud-upload-alt fas\"><\/i><div class=\"fusion-form-upload-field-container\"><input type=\"file\" id=\"Prilo\u017ei fotografiju ili dokument \" name=\"Prilo\u017ei fotografiju ili dokument []\" value=\"\"  class=\"fusion-form-input\"accept=\".jpg,.png,pdf,.doc,.docx\" placeholder=\"Kliknite ili povucite datoteku u ovo podru\u010dje da biste je prenijeli. \" data-size=\"8\" multiple data-single-add-remove=\"no\" data-min-upload-files=\"0\" data-max-upload-files=\"0\" data-uploads-preview=\"filenames\"\/><div class=\"fusion-form-upload-field\"  data-holds-private-data=\"false\"><span class=\"awb-upload-placeholder\" data-default=\"Kliknite ili povucite datoteku u ovo podru\u010dje da biste je prenijeli.\">Kliknite ili povucite datoteku u ovo podru\u010dje da biste je prenijeli.<\/span><div class=\"awb-uploads-preview\"><div class=\"awb-preview-thumbs\"><\/div><\/div><\/div><div ><a class=\"fusion-button button-flat button-medium button-default fusion-button-default button-1 fusion-button-default-span fusion-button-default-type fusion-form-upload-field-button\" style=\"--button-border-radius-top-left:0px;--button-border-radius-top-right:0px;--button-border-radius-bottom-right:0px;--button-border-radius-bottom-left:0px;\" target=\"_self\" href=\"javascript:void();\"><span class=\"fusion-button-text awb-button__text awb-button__text--default\">Choose File<\/span><\/a><\/div><\/div><\/div><\/div><div class=\"fusion-form-field fusion-form-radio-field fusion-form-label-above\" style=\"\" data-form-id=\"1539\"><fieldset><legend class=\"fusion-form-label-wrapper\"><span class=\"label\">Privola <abbr class=\"fusion-form-element-required\" title=\"required\">*<\/abbr><\/span><\/legend><div class=\"fusion-form-radio option-inline\"><input data-empty-notice=\"Morate pristati da Jacuzzi Hrvatska koristi va\u0161e podatke iz ovog obrasca.\" tabindex=\"\" id=\"radio-privola-1-0\" type=\"radio\" value=\"Da, pristajem\" name=\"privola\" class=\"fusion-form-input\" required=\"true\" aria-required=\"true\" data-holds-private-data=\"false\"\/><label for=\"radio-privola-1-0\">Da, pristajem<\/label><\/div><\/fieldset><\/div><div class=\"fusion-text fusion-text-3\"><p>Prije pristanka pro\u010ditajte tekst \"<a href=\"https:\/\/aqua-spa.hr\/en\/izjava-o-privatnosti\/\" target=\"_blank\" rel=\"noopener noreferrer\">Izjava o privatnosti<\/a>\".<\/p>\n<\/div>\n<div class=\"form-submission-notices data-notice_1\" id=\"fusion-notices-1\"><div class=\"fusion-alert alert success alert-success fusion-alert-center fusion-form-response fusion-form-response-success awb-alert-native-link-color alert-dismissable awb-alert-close-boxed\" style=\"--awb-margin-top:20px;\" role=\"alert\"><div class=\"fusion-alert-content-wrapper\"><span class=\"alert-icon\"><i class=\"awb-icon-check-circle\" aria-hidden=\"true\"><\/i><\/span><span class=\"fusion-alert-content\">Hvala vam na poruci. Poruka je poslana.<\/span><\/div><button type=\"button\" class=\"close toggle-alert\" data-dismiss=\"alert\" aria-label=\"Close\">&times;<\/button><\/div><div class=\"fusion-alert alert error alert-danger fusion-alert-center fusion-form-response fusion-form-response-error awb-alert-native-link-color alert-dismissable awb-alert-close-boxed\" style=\"--awb-margin-top:20px;\" role=\"alert\"><div class=\"fusion-alert-content-wrapper\"><span class=\"alert-icon\"><i class=\"awb-icon-exclamation-triangle\" aria-hidden=\"true\"><\/i><\/span><span class=\"fusion-alert-content\">Do\u0161lo je do pogre\u0161ke prilikom poku\u0161aja slanja va\u0161e poruke. Molimo poku\u0161ajte ponovo kasnije.<\/span><\/div><button type=\"button\" class=\"close toggle-alert\" data-dismiss=\"alert\" aria-label=\"Close\">&times;<\/button><\/div><\/div><div class=\"fusion-form-field fusion-form-submit-field fusion-form-label-above\" style=\"\" data-form-id=\"1539\"><div ><button type=\"submit\" class=\"fusion-button button-flat fusion-button-default-size button-custom fusion-button-default button-2 fusion-button-span-yes  button-default form-form-submit\" style=\"--button_accent_color:#ffffff;--button_accent_hover_color:#ffffff;--button_border_hover_color:var(--awb-color1);--button_border_width-top:0px;--button_border_width-right:0px;--button_border_width-bottom:0px;--button_border_width-left:0px;--button-border-radius-top-left:10px;--button-border-radius-top-right:10px;--button-border-radius-bottom-right:10px;--button-border-radius-bottom-left:10px;--button_gradient_top_color:var(--awb-color6);--button_gradient_bottom_color:var(--awb-color6);--button_gradient_top_color_hover:var(--awb-color5);--button_gradient_bottom_color_hover:var(--awb-color5);--button_text_transform:var(--awb-typography3-text-transform);--button_font_size:var(--awb-typography3-font-size);--button_line_height:var(--awb-typography3-line-height);--button_padding-top:20px;--button_padding-bottom:20px;--button_typography-letter-spacing:var(--awb-typography3-letter-spacing);--button_typography-font-family:var(--awb-typography3-font-family);--button_typography-font-weight:var(--awb-typography3-font-weight);--button_typography-font-style:var(--awb-typography3-font-style);\" data-form-number=\"1539\" tabindex=\"\"><span class=\"fusion-button-text awb-button__text awb-button__text--default\">Po\u0161alji poruku<\/span><\/button><\/div><\/div><\/div><\/div><\/div><\/div><input type=\"hidden\" name=\"fusion_privacy_store_ip_ua\" value=\"false\"><input type=\"hidden\" name=\"fusion_privacy_expiration_interval\" value=\"48\"><input type=\"hidden\" name=\"privacy_expiration_action\" value=\"anonymize\"><input type=\"hidden\" name=\"trp-form-language\" value=\"en\"\/><\/form><\/div><\/div><\/div><\/div><\/div><\/p>","protected":false},"excerpt":{"rendered":"","protected":false},"author":1,"featured_media":0,"parent":0,"menu_order":65,"comment_status":"closed","ping_status":"closed","template":"","meta":{"_acf_changed":false,"_seopress_robots_primary_cat":"","_seopress_titles_title":"","_seopress_titles_desc":"","_seopress_robots_index":"","footnotes":""},"class_list":["post-893","page","type-page","status-publish","hentry"],"acf":[],"_links":{"self":[{"href":"https:\/\/aqua-spa.hr\/en\/wp-json\/wp\/v2\/pages\/893","targetHints":{"allow":["GET"]}}],"collection":[{"href":"https:\/\/aqua-spa.hr\/en\/wp-json\/wp\/v2\/pages"}],"about":[{"href":"https:\/\/aqua-spa.hr\/en\/wp-json\/wp\/v2\/types\/page"}],"author":[{"embeddable":true,"href":"https:\/\/aqua-spa.hr\/en\/wp-json\/wp\/v2\/users\/1"}],"replies":[{"embeddable":true,"href":"https:\/\/aqua-spa.hr\/en\/wp-json\/wp\/v2\/comments?post=893"}],"version-history":[{"count":35,"href":"https:\/\/aqua-spa.hr\/en\/wp-json\/wp\/v2\/pages\/893\/revisions"}],"predecessor-version":[{"id":2377,"href":"https:\/\/aqua-spa.hr\/en\/wp-json\/wp\/v2\/pages\/893\/revisions\/2377"}],"wp:attachment":[{"href":"https:\/\/aqua-spa.hr\/en\/wp-json\/wp\/v2\/media?parent=893"}],"curies":[{"name":"wp","href":"https:\/\/api.w.org\/{rel}","templated":true}]}}