{"id":771,"date":"2023-12-14T11:49:17","date_gmt":"2023-12-14T10:49:17","guid":{"rendered":"https:\/\/www.aqua-spa.hr\/?page_id=771"},"modified":"2026-03-23T12:20:39","modified_gmt":"2026-03-23T11:20:39","slug":"jacuzzi-kabine","status":"publish","type":"page","link":"https:\/\/aqua-spa.hr\/en\/jacuzzi-kabine\/","title":{"rendered":"Kabine"},"content":{"rendered":"<p><div class=\"fusion-fullwidth fullwidth-box fusion-builder-row-1 fusion-flex-container has-pattern-background has-mask-background nonhundred-percent-fullwidth non-hundred-percent-height-scrolling\" style=\"--awb-border-radius-top-left:0px;--awb-border-radius-top-right:0px;--awb-border-radius-bottom-right:0px;--awb-border-radius-bottom-left:0px;--awb-flex-wrap:wrap;\" ><div class=\"fusion-builder-row fusion-row fusion-flex-align-items-flex-start fusion-flex-content-wrap\" style=\"max-width:1248px;margin-left: calc(-4% \/ 2 );margin-right: calc(-4% \/ 2 );\"><div class=\"fusion-layout-column fusion_builder_column fusion-builder-column-0 fusion_builder_column_1_1 1_1 fusion-flex-column\" style=\"--awb-bg-size:cover;--awb-width-large:100%;--awb-margin-top-large:0px;--awb-spacing-right-large:1.92%;--awb-margin-bottom-large:0px;--awb-spacing-left-large:1.92%;--awb-width-medium:100%;--awb-order-medium:0;--awb-spacing-right-medium:1.92%;--awb-spacing-left-medium:1.92%;--awb-width-small:100%;--awb-order-small:0;--awb-spacing-right-small:1.92%;--awb-spacing-left-small:1.92%;\"><div class=\"fusion-column-wrapper fusion-column-has-shadow fusion-flex-justify-content-flex-start fusion-content-layout-column\"><div class=\"fusion-title title fusion-title-1 fusion-sep-none fusion-title-text fusion-title-size-one\"><h1 class=\"fusion-title-heading title-heading-left\" style=\"margin:0;\"><h2>Jacuzzi<sup>\u00ae<\/sup> kabine<\/h2><\/h1><\/div><\/div><\/div><\/div><\/div><div class=\"fusion-fullwidth fullwidth-box fusion-builder-row-2 fusion-flex-container nonhundred-percent-fullwidth non-hundred-percent-height-scrolling\" style=\"--awb-border-radius-top-left:0px;--awb-border-radius-top-right:0px;--awb-border-radius-bottom-right:0px;--awb-border-radius-bottom-left:0px;--awb-flex-wrap:wrap;\" ><div class=\"fusion-builder-row fusion-row fusion-flex-align-items-flex-start fusion-flex-content-wrap\" style=\"max-width:1248px;margin-left: calc(-4% \/ 2 );margin-right: calc(-4% \/ 2 );\"><div class=\"fusion-layout-column fusion_builder_column fusion-builder-column-1 fusion_builder_column_1_3 1_3 fusion-flex-column\" style=\"--awb-bg-blend:overlay;--awb-bg-size:cover;--awb-width-large:33.333333333333%;--awb-margin-top-large:0px;--awb-spacing-right-large:6.912%;--awb-margin-bottom-large:0px;--awb-spacing-left-large:5.76%;--awb-width-medium:33.333333333333%;--awb-spacing-right-medium:6.912%;--awb-spacing-left-medium:5.76%;--awb-width-small:100%;--awb-spacing-right-small:1.92%;--awb-spacing-left-small:1.92%;\"><div class=\"fusion-column-wrapper fusion-flex-justify-content-flex-start fusion-content-layout-column\"><div class=\"fusion-text fusion-text-1\" style=\"--awb-content-alignment:justify;\"><p>Jacuzzi\u00ae nudi \u0161irok izbor multifunkicionalnih tu\u0161 kabina s parnom saunom (hammam ili turska kupelj). Jacuzzi\u00ae tu\u0161 kabine potpuno su prilago\u0111ene svakome kupcu, odnosno svatko mo\u017ee prona\u0107i proizvod koji mu najvi\u0161e odgovara.<\/p>\n<p>To je potpuna blagodat za tijelo s pozitivnim u\u010dincima na fizi\u010dko i emotivno stanje. Uz Jacuzzi\u00ae sve je podre\u0111eno pru\u017eanju ugode, luksuza, presti\u017ea, intimnosti.<\/p>\n<\/div><\/div><\/div><div class=\"fusion-layout-column fusion_builder_column fusion-builder-column-2 fusion_builder_column_1_3 1_3 fusion-flex-column\" style=\"--awb-bg-blend:overlay;--awb-bg-size:cover;--awb-width-large:33.333333333333%;--awb-margin-top-large:0px;--awb-spacing-right-large:6.912%;--awb-margin-bottom-large:0px;--awb-spacing-left-large:5.76%;--awb-width-medium:33.333333333333%;--awb-spacing-right-medium:6.912%;--awb-spacing-left-medium:5.76%;--awb-width-small:100%;--awb-spacing-right-small:1.92%;--awb-spacing-left-small:1.92%;\"><div class=\"fusion-column-wrapper fusion-flex-justify-content-flex-start fusion-content-layout-column\"><div class=\"fusion-text fusion-text-2\" style=\"--awb-content-alignment:justify;\"><p>Bez obzira radi li se o klasi\u010dnim ili multifunkcionalnim tu\u0161 kabinama, mogu\u0107nost kombinacija je bezbrojna.<\/p>\n<p>Mogu\u0107 je odabir razli\u010ditih funkcija i namjena te dodatne opreme, poput slapova, ki\u0161nih tu\u0161eva, terapija bojom (svjetlosti), aromo terapija, audio povezivanja i sl., a sve to u razli\u010ditim dimenzijama i oblicima. Jacuzzi\u00ae tu\u0161 kabina pru\u017ea iskustvo koje privla\u010di, obnavlja i osvaja.<\/p>\n<\/div><\/div><\/div><div class=\"fusion-layout-column fusion_builder_column fusion-builder-column-3 fusion_builder_column_1_3 1_3 fusion-flex-column\" style=\"--awb-bg-size:cover;--awb-width-large:33.333333333333%;--awb-margin-top-large:0px;--awb-spacing-right-large:5.76%;--awb-margin-bottom-large:20px;--awb-spacing-left-large:5.76%;--awb-width-medium:33.333333333333%;--awb-order-medium:0;--awb-spacing-right-medium:5.76%;--awb-spacing-left-medium:5.76%;--awb-width-small:100%;--awb-order-small:0;--awb-spacing-right-small:1.92%;--awb-spacing-left-small:1.92%;\"><div class=\"fusion-column-wrapper fusion-column-has-shadow fusion-flex-justify-content-flex-start fusion-content-layout-column\"><div class=\"fusion-image-element\" style=\"--awb-aspect-ratio: 100 \/ 51;--awb-object-position:29% 93%;--awb-caption-title-font-family:var(--h2_typography-font-family);--awb-caption-title-font-weight:var(--h2_typography-font-weight);--awb-caption-title-font-style:var(--h2_typography-font-style);--awb-caption-title-size:var(--h2_typography-font-size);--awb-caption-title-transform:var(--h2_typography-text-transform);--awb-caption-title-line-height:var(--h2_typography-line-height);--awb-caption-title-letter-spacing:var(--h2_typography-letter-spacing);\"><span class=\"fusion-imageframe imageframe-none imageframe-1 hover-type-none has-aspect-ratio\"><a class=\"fusion-no-lightbox\" href=\"https:\/\/aqua-spa.hr\/wp-content\/uploads\/2026\/03\/Jacuzzi_Collection-Baths-Showers-2026-EN.pdf\" target=\"_blank\" aria-label=\"Jacuzzi_Catalogue-Bath-Shower-2023_EN\" rel=\"noopener noreferrer\"><img decoding=\"async\" width=\"1080\" height=\"1528\" alt=\"Preuzmi PDF katalog Jacuzzi\u00ae tu\u0161 kabina.\" src=\"https:\/\/aqua-spa.hr\/wp-content\/uploads\/2023\/12\/Jacuzzi_Catalogue-Bath-Shower-2023_EN.jpg\" class=\"img-responsive wp-image-752 img-with-aspect-ratio\" data-parent-fit=\"cover\" data-parent-container=\".fusion-image-element\" srcset=\"https:\/\/aqua-spa.hr\/wp-content\/uploads\/2023\/12\/Jacuzzi_Catalogue-Bath-Shower-2023_EN-200x283.jpg 200w, https:\/\/aqua-spa.hr\/wp-content\/uploads\/2023\/12\/Jacuzzi_Catalogue-Bath-Shower-2023_EN-400x566.jpg 400w, https:\/\/aqua-spa.hr\/wp-content\/uploads\/2023\/12\/Jacuzzi_Catalogue-Bath-Shower-2023_EN-600x849.jpg 600w, https:\/\/aqua-spa.hr\/wp-content\/uploads\/2023\/12\/Jacuzzi_Catalogue-Bath-Shower-2023_EN-800x1132.jpg 800w, https:\/\/aqua-spa.hr\/wp-content\/uploads\/2023\/12\/Jacuzzi_Catalogue-Bath-Shower-2023_EN.jpg 1080w\" sizes=\"(max-width: 640px) 100vw, 400px\" \/><\/a><\/span><\/div><div style=\"text-align:center;\"><a class=\"fusion-button button-flat fusion-button-default-size button-default fusion-button-default button-1 fusion-button-span-yes fusion-button-default-type\" style=\"--button-border-radius-top-left:0;--button-border-radius-top-right:0;--button-border-radius-bottom-right:0;--button-border-radius-bottom-left:0;--button_font_size:13px;\" target=\"_blank\" rel=\"noopener noreferrer\" href=\"https:\/\/aqua-spa.hr\/wp-content\/uploads\/2026\/03\/Jacuzzi_Collection-Baths-Showers-2026-EN.pdf\"><span class=\"fusion-button-text awb-button__text awb-button__text--default\">Preuzmi PDF katalog Jacuzzi\u00ae tu\u0161 kabina.<\/span><\/a><\/div><\/div><\/div><\/div><\/div><div class=\"fusion-fullwidth fullwidth-box fusion-builder-row-3 fusion-flex-container has-pattern-background has-mask-background nonhundred-percent-fullwidth non-hundred-percent-height-scrolling\" style=\"--awb-border-radius-top-left:0px;--awb-border-radius-top-right:0px;--awb-border-radius-bottom-right:0px;--awb-border-radius-bottom-left:0px;--awb-flex-wrap:wrap;\" ><div class=\"fusion-builder-row fusion-row fusion-flex-align-items-flex-start fusion-flex-content-wrap\" style=\"max-width:1248px;margin-left: calc(-4% \/ 2 );margin-right: calc(-4% \/ 2 );\"><div class=\"fusion-layout-column fusion_builder_column fusion-builder-column-4 fusion_builder_column_1_1 1_1 fusion-flex-column\" style=\"--awb-bg-size:cover;--awb-width-large:100%;--awb-margin-top-large:12px;--awb-spacing-right-large:1.92%;--awb-margin-bottom-large:20px;--awb-spacing-left-large:1.92%;--awb-width-medium:100%;--awb-order-medium:0;--awb-spacing-right-medium:1.92%;--awb-spacing-left-medium:1.92%;--awb-width-small:100%;--awb-order-small:0;--awb-spacing-right-small:1.92%;--awb-spacing-left-small:1.92%;\"><div class=\"fusion-column-wrapper fusion-column-has-shadow fusion-flex-justify-content-flex-start fusion-content-layout-column\"><div class=\"awb-gallery-wrapper awb-gallery-wrapper-1 button-span-no\" style=\"--more-btn-alignment:center;\"><div style=\"margin:-5px;--awb-bordersize:0px;\" class=\"fusion-gallery fusion-gallery-container fusion-grid-3 fusion-columns-total-8 fusion-gallery-layout-masonry fusion-gallery-1\"><div class=\"fusion-grid-column fusion-gallery-column fusion-gallery-column-3 hover-type-none fusion-grid-sizer\"><\/div><div style=\"padding:5px;\" class=\"fusion-grid-column fusion-gallery-column fusion-gallery-column-3 hover-type-none fusion-element-grid\"><div class=\"fusion-gallery-image\"><a href=\"https:\/\/aqua-spa.hr\/wp-content\/uploads\/2023\/12\/Jacuzzi-Shower_Frame-In2_White_Lifestyle.jpg\" data-title=\"Jacuzzi-Shower_Frame-In2_White_Lifestyle\" title=\"Jacuzzi-Shower_Frame-In2_White_Lifestyle\" rel=\"noreferrer\" data-rel=\"iLightbox[gallery_image_1]\" class=\"fusion-lightbox\" target=\"_self\"><div style=\"background-image:url(https:\/\/aqua-spa.hr\/wp-content\/uploads\/2023\/12\/Jacuzzi-Shower_Frame-In2_White_Lifestyle.jpg);padding-top:calc((100% + 10px) * 0.8 - 5px);background-position:;\" class=\"fusion-masonry-element-container\"><img decoding=\"async\" src=\"https:\/\/aqua-spa.hr\/wp-content\/uploads\/2023\/12\/Jacuzzi-Shower_Frame-In2_White_Lifestyle.jpg\" width=\"1920\" height=\"1358\" alt=\"\" title=\"Jacuzzi-Shower_Frame-In2_White_Lifestyle\" aria-label=\"Jacuzzi-Shower_Frame-In2_White_Lifestyle\" class=\"img-responsive wp-image-789\" srcset=\"https:\/\/aqua-spa.hr\/wp-content\/uploads\/2023\/12\/Jacuzzi-Shower_Frame-In2_White_Lifestyle-200x141.jpg 200w, https:\/\/aqua-spa.hr\/wp-content\/uploads\/2023\/12\/Jacuzzi-Shower_Frame-In2_White_Lifestyle-400x283.jpg 400w, https:\/\/aqua-spa.hr\/wp-content\/uploads\/2023\/12\/Jacuzzi-Shower_Frame-In2_White_Lifestyle-600x424.jpg 600w, https:\/\/aqua-spa.hr\/wp-content\/uploads\/2023\/12\/Jacuzzi-Shower_Frame-In2_White_Lifestyle-800x566.jpg 800w, https:\/\/aqua-spa.hr\/wp-content\/uploads\/2023\/12\/Jacuzzi-Shower_Frame-In2_White_Lifestyle-1200x849.jpg 1200w, https:\/\/aqua-spa.hr\/wp-content\/uploads\/2023\/12\/Jacuzzi-Shower_Frame-In2_White_Lifestyle.jpg 1920w\" sizes=\"(min-width: 2200px) 100vw, (min-width: 784px) 397px, (min-width: 712px) 595px, (min-width: 640px) 712px, \" \/><\/div><\/a><\/div><\/div><div style=\"padding:5px;\" class=\"fusion-grid-column fusion-gallery-column fusion-gallery-column-3 hover-type-none fusion-element-grid\"><div class=\"fusion-gallery-image\"><a href=\"https:\/\/aqua-spa.hr\/wp-content\/uploads\/2023\/12\/Jacuzzi-Shower_Frame-120_Black_Lifestyle.jpg\" data-title=\"Jacuzzi-Shower_Frame-120_Black_Lifestyle\" title=\"Jacuzzi-Shower_Frame-120_Black_Lifestyle\" rel=\"noreferrer\" data-rel=\"iLightbox[gallery_image_1]\" class=\"fusion-lightbox\" target=\"_self\"><div style=\"background-image:url(https:\/\/aqua-spa.hr\/wp-content\/uploads\/2023\/12\/Jacuzzi-Shower_Frame-120_Black_Lifestyle.jpg);padding-top:calc((100% + 10px) * 0.8 - 5px);background-position:;\" class=\"fusion-masonry-element-container\"><img decoding=\"async\" src=\"https:\/\/aqua-spa.hr\/wp-content\/uploads\/2023\/12\/Jacuzzi-Shower_Frame-120_Black_Lifestyle.jpg\" width=\"1920\" height=\"1357\" alt=\"\" title=\"Jacuzzi-Shower_Frame-120_Black_Lifestyle\" aria-label=\"Jacuzzi-Shower_Frame-120_Black_Lifestyle\" class=\"img-responsive wp-image-788\" srcset=\"https:\/\/aqua-spa.hr\/wp-content\/uploads\/2023\/12\/Jacuzzi-Shower_Frame-120_Black_Lifestyle-200x141.jpg 200w, https:\/\/aqua-spa.hr\/wp-content\/uploads\/2023\/12\/Jacuzzi-Shower_Frame-120_Black_Lifestyle-400x283.jpg 400w, https:\/\/aqua-spa.hr\/wp-content\/uploads\/2023\/12\/Jacuzzi-Shower_Frame-120_Black_Lifestyle-600x424.jpg 600w, https:\/\/aqua-spa.hr\/wp-content\/uploads\/2023\/12\/Jacuzzi-Shower_Frame-120_Black_Lifestyle-800x565.jpg 800w, https:\/\/aqua-spa.hr\/wp-content\/uploads\/2023\/12\/Jacuzzi-Shower_Frame-120_Black_Lifestyle-1200x848.jpg 1200w, https:\/\/aqua-spa.hr\/wp-content\/uploads\/2023\/12\/Jacuzzi-Shower_Frame-120_Black_Lifestyle.jpg 1920w\" sizes=\"(min-width: 2200px) 100vw, (min-width: 784px) 397px, (min-width: 712px) 595px, (min-width: 640px) 712px, \" \/><\/div><\/a><\/div><\/div><div style=\"padding:5px;\" class=\"fusion-grid-column fusion-gallery-column fusion-gallery-column-3 hover-type-none fusion-element-grid\"><div class=\"fusion-gallery-image\"><a href=\"https:\/\/aqua-spa.hr\/wp-content\/uploads\/2023\/12\/Jacuzzi-Shower_Frame-120_Black_Lifestyle_2.jpg\" data-title=\"Jacuzzi-Shower_Frame-120_Black_Lifestyle_2\" title=\"Jacuzzi-Shower_Frame-120_Black_Lifestyle_2\" rel=\"noreferrer\" data-rel=\"iLightbox[gallery_image_1]\" class=\"fusion-lightbox\" target=\"_self\"><div style=\"background-image:url(https:\/\/aqua-spa.hr\/wp-content\/uploads\/2023\/12\/Jacuzzi-Shower_Frame-120_Black_Lifestyle_2.jpg);padding-top:calc((100% + 10px) * 0.8 - 5px);background-position:;\" class=\"fusion-masonry-element-container\"><img decoding=\"async\" src=\"https:\/\/aqua-spa.hr\/wp-content\/uploads\/2023\/12\/Jacuzzi-Shower_Frame-120_Black_Lifestyle_2.jpg\" width=\"1358\" height=\"1920\" alt=\"\" title=\"Jacuzzi-Shower_Frame-120_Black_Lifestyle_2\" aria-label=\"Jacuzzi-Shower_Frame-120_Black_Lifestyle_2\" class=\"img-responsive wp-image-787\" srcset=\"https:\/\/aqua-spa.hr\/wp-content\/uploads\/2023\/12\/Jacuzzi-Shower_Frame-120_Black_Lifestyle_2-200x283.jpg 200w, https:\/\/aqua-spa.hr\/wp-content\/uploads\/2023\/12\/Jacuzzi-Shower_Frame-120_Black_Lifestyle_2-400x566.jpg 400w, https:\/\/aqua-spa.hr\/wp-content\/uploads\/2023\/12\/Jacuzzi-Shower_Frame-120_Black_Lifestyle_2-600x848.jpg 600w, https:\/\/aqua-spa.hr\/wp-content\/uploads\/2023\/12\/Jacuzzi-Shower_Frame-120_Black_Lifestyle_2-800x1131.jpg 800w, https:\/\/aqua-spa.hr\/wp-content\/uploads\/2023\/12\/Jacuzzi-Shower_Frame-120_Black_Lifestyle_2-1200x1697.jpg 1200w, https:\/\/aqua-spa.hr\/wp-content\/uploads\/2023\/12\/Jacuzzi-Shower_Frame-120_Black_Lifestyle_2.jpg 1358w\" sizes=\"(min-width: 2200px) 100vw, (min-width: 784px) 397px, (min-width: 712px) 595px, (min-width: 640px) 712px, \" \/><\/div><\/a><\/div><\/div><div style=\"padding:5px;\" class=\"fusion-grid-column fusion-gallery-column fusion-gallery-column-3 hover-type-none fusion-element-grid\"><div class=\"fusion-gallery-image\"><a href=\"https:\/\/aqua-spa.hr\/wp-content\/uploads\/2023\/12\/Jacuzzi-Baths_Showers_Cloud-120.jpg\" data-title=\"Jacuzzi-Baths_Showers_Cloud-120\" title=\"Jacuzzi-Baths_Showers_Cloud-120\" rel=\"noreferrer\" data-rel=\"iLightbox[gallery_image_1]\" class=\"fusion-lightbox\" target=\"_self\"><div style=\"background-image:url(https:\/\/aqua-spa.hr\/wp-content\/uploads\/2023\/12\/Jacuzzi-Baths_Showers_Cloud-120.jpg);padding-top:calc((100% + 10px) * 0.8 - 5px);background-position:;\" class=\"fusion-masonry-element-container\"><img decoding=\"async\" src=\"https:\/\/aqua-spa.hr\/wp-content\/uploads\/2023\/12\/Jacuzzi-Baths_Showers_Cloud-120.jpg\" width=\"1920\" height=\"1362\" alt=\"\" title=\"Jacuzzi-Baths_Showers_Cloud-120\" aria-label=\"Jacuzzi-Baths_Showers_Cloud-120\" class=\"img-responsive wp-image-785\" srcset=\"https:\/\/aqua-spa.hr\/wp-content\/uploads\/2023\/12\/Jacuzzi-Baths_Showers_Cloud-120-200x142.jpg 200w, https:\/\/aqua-spa.hr\/wp-content\/uploads\/2023\/12\/Jacuzzi-Baths_Showers_Cloud-120-400x284.jpg 400w, https:\/\/aqua-spa.hr\/wp-content\/uploads\/2023\/12\/Jacuzzi-Baths_Showers_Cloud-120-600x426.jpg 600w, https:\/\/aqua-spa.hr\/wp-content\/uploads\/2023\/12\/Jacuzzi-Baths_Showers_Cloud-120-800x568.jpg 800w, https:\/\/aqua-spa.hr\/wp-content\/uploads\/2023\/12\/Jacuzzi-Baths_Showers_Cloud-120-1200x851.jpg 1200w, https:\/\/aqua-spa.hr\/wp-content\/uploads\/2023\/12\/Jacuzzi-Baths_Showers_Cloud-120.jpg 1920w\" sizes=\"(min-width: 2200px) 100vw, (min-width: 784px) 397px, (min-width: 712px) 595px, (min-width: 640px) 712px, \" \/><\/div><\/a><\/div><\/div><div style=\"padding:5px;\" class=\"fusion-grid-column fusion-gallery-column fusion-gallery-column-3 hover-type-none fusion-element-landscape\"><div class=\"fusion-gallery-image\"><a href=\"https:\/\/aqua-spa.hr\/wp-content\/uploads\/2023\/12\/Jacuzzi-Shower_Frame-100_White_Lifestyle.jpg\" data-title=\"Jacuzzi-Shower_Frame-100_White_Lifestyle\" title=\"Jacuzzi-Shower_Frame-100_White_Lifestyle\" rel=\"noreferrer\" data-rel=\"iLightbox[gallery_image_1]\" class=\"fusion-lightbox\" target=\"_self\"><div style=\"background-image:url(https:\/\/aqua-spa.hr\/wp-content\/uploads\/2023\/12\/Jacuzzi-Shower_Frame-100_White_Lifestyle.jpg);padding-top:calc((100% + 10px) * 0.4 - 5px);background-position:;\" class=\"fusion-masonry-element-container\"><img decoding=\"async\" src=\"https:\/\/aqua-spa.hr\/wp-content\/uploads\/2023\/12\/Jacuzzi-Shower_Frame-100_White_Lifestyle.jpg\" width=\"1920\" height=\"960\" alt=\"\" title=\"Jacuzzi-Shower_Frame-100_White_Lifestyle\" aria-label=\"Jacuzzi-Shower_Frame-100_White_Lifestyle\" class=\"img-responsive wp-image-786\" srcset=\"https:\/\/aqua-spa.hr\/wp-content\/uploads\/2023\/12\/Jacuzzi-Shower_Frame-100_White_Lifestyle-200x100.jpg 200w, https:\/\/aqua-spa.hr\/wp-content\/uploads\/2023\/12\/Jacuzzi-Shower_Frame-100_White_Lifestyle-400x200.jpg 400w, https:\/\/aqua-spa.hr\/wp-content\/uploads\/2023\/12\/Jacuzzi-Shower_Frame-100_White_Lifestyle-600x300.jpg 600w, https:\/\/aqua-spa.hr\/wp-content\/uploads\/2023\/12\/Jacuzzi-Shower_Frame-100_White_Lifestyle-800x400.jpg 800w, https:\/\/aqua-spa.hr\/wp-content\/uploads\/2023\/12\/Jacuzzi-Shower_Frame-100_White_Lifestyle-1200x600.jpg 1200w, https:\/\/aqua-spa.hr\/wp-content\/uploads\/2023\/12\/Jacuzzi-Shower_Frame-100_White_Lifestyle.jpg 1920w\" sizes=\"(min-width: 2200px) 100vw, (min-width: 640px) 1200px, \" \/><\/div><\/a><\/div><\/div><div style=\"padding:5px;\" class=\"fusion-grid-column fusion-gallery-column fusion-gallery-column-3 hover-type-none fusion-element-grid\"><div class=\"fusion-gallery-image\"><a href=\"https:\/\/aqua-spa.hr\/wp-content\/uploads\/2023\/12\/Jacuzzi-Baths_Showers_Cloud-100.jpg\" data-title=\"Jacuzzi-Baths_Showers_Cloud-100\" title=\"Jacuzzi-Baths_Showers_Cloud-100\" rel=\"noreferrer\" data-rel=\"iLightbox[gallery_image_1]\" class=\"fusion-lightbox\" target=\"_self\"><div style=\"background-image:url(https:\/\/aqua-spa.hr\/wp-content\/uploads\/2023\/12\/Jacuzzi-Baths_Showers_Cloud-100.jpg);padding-top:calc((100% + 10px) * 0.8 - 5px);background-position:;\" class=\"fusion-masonry-element-container\"><img decoding=\"async\" src=\"https:\/\/aqua-spa.hr\/wp-content\/uploads\/2023\/12\/Jacuzzi-Baths_Showers_Cloud-100.jpg\" width=\"1920\" height=\"1358\" alt=\"\" title=\"Jacuzzi-Baths_Showers_Cloud-100\" aria-label=\"Jacuzzi-Baths_Showers_Cloud-100\" class=\"img-responsive wp-image-783\" srcset=\"https:\/\/aqua-spa.hr\/wp-content\/uploads\/2023\/12\/Jacuzzi-Baths_Showers_Cloud-100-200x141.jpg 200w, https:\/\/aqua-spa.hr\/wp-content\/uploads\/2023\/12\/Jacuzzi-Baths_Showers_Cloud-100-400x283.jpg 400w, https:\/\/aqua-spa.hr\/wp-content\/uploads\/2023\/12\/Jacuzzi-Baths_Showers_Cloud-100-600x424.jpg 600w, https:\/\/aqua-spa.hr\/wp-content\/uploads\/2023\/12\/Jacuzzi-Baths_Showers_Cloud-100-800x566.jpg 800w, https:\/\/aqua-spa.hr\/wp-content\/uploads\/2023\/12\/Jacuzzi-Baths_Showers_Cloud-100-1200x849.jpg 1200w, https:\/\/aqua-spa.hr\/wp-content\/uploads\/2023\/12\/Jacuzzi-Baths_Showers_Cloud-100.jpg 1920w\" sizes=\"(min-width: 2200px) 100vw, (min-width: 784px) 397px, (min-width: 712px) 595px, (min-width: 640px) 712px, \" \/><\/div><\/a><\/div><\/div><div style=\"padding:5px;\" class=\"fusion-grid-column fusion-gallery-column fusion-gallery-column-3 hover-type-none fusion-element-grid\"><div class=\"fusion-gallery-image\"><a href=\"https:\/\/aqua-spa.hr\/wp-content\/uploads\/2023\/12\/Jacuzzi-Baths_Shower_Omega.jpg\" data-title=\"jacuzzi 018\" title=\"jacuzzi 018\" rel=\"noreferrer\" data-rel=\"iLightbox[gallery_image_1]\" class=\"fusion-lightbox\" target=\"_self\"><div style=\"background-image:url(https:\/\/aqua-spa.hr\/wp-content\/uploads\/2023\/12\/Jacuzzi-Baths_Shower_Omega.jpg);padding-top:calc((100% + 10px) * 0.8 - 5px);background-position:;\" class=\"fusion-masonry-element-container\"><img decoding=\"async\" src=\"https:\/\/aqua-spa.hr\/wp-content\/uploads\/2023\/12\/Jacuzzi-Baths_Shower_Omega.jpg\" width=\"1920\" height=\"1380\" alt=\"\" title=\"jacuzzi 018\" aria-label=\"jacuzzi 018\" class=\"img-responsive wp-image-781\" srcset=\"https:\/\/aqua-spa.hr\/wp-content\/uploads\/2023\/12\/Jacuzzi-Baths_Shower_Omega-200x144.jpg 200w, https:\/\/aqua-spa.hr\/wp-content\/uploads\/2023\/12\/Jacuzzi-Baths_Shower_Omega-400x288.jpg 400w, https:\/\/aqua-spa.hr\/wp-content\/uploads\/2023\/12\/Jacuzzi-Baths_Shower_Omega-600x431.jpg 600w, https:\/\/aqua-spa.hr\/wp-content\/uploads\/2023\/12\/Jacuzzi-Baths_Shower_Omega-800x575.jpg 800w, https:\/\/aqua-spa.hr\/wp-content\/uploads\/2023\/12\/Jacuzzi-Baths_Shower_Omega-1200x863.jpg 1200w, https:\/\/aqua-spa.hr\/wp-content\/uploads\/2023\/12\/Jacuzzi-Baths_Shower_Omega.jpg 1920w\" sizes=\"(min-width: 2200px) 100vw, (min-width: 784px) 397px, (min-width: 712px) 595px, (min-width: 640px) 712px, \" \/><\/div><\/a><\/div><\/div><div style=\"padding:5px;\" class=\"fusion-grid-column fusion-gallery-column fusion-gallery-column-3 hover-type-none fusion-element-grid\"><div class=\"fusion-gallery-image\"><a href=\"https:\/\/aqua-spa.hr\/wp-content\/uploads\/2023\/12\/Jacuzzi-Baths_Showers_Bali-Hammam.jpg\" data-title=\"Jacuzzi\u00ae Baths Showers Bali-Hammam\" title=\"Jacuzzi\u00ae Baths Showers Bali-Hammam\" rel=\"noreferrer\" data-rel=\"iLightbox[gallery_image_1]\" class=\"fusion-lightbox\" target=\"_self\"><div style=\"background-image:url(https:\/\/aqua-spa.hr\/wp-content\/uploads\/2023\/12\/Jacuzzi-Baths_Showers_Bali-Hammam.jpg);padding-top:calc((100% + 10px) * 0.8 - 5px);background-position:;\" class=\"fusion-masonry-element-container\"><img decoding=\"async\" src=\"https:\/\/aqua-spa.hr\/wp-content\/uploads\/2023\/12\/Jacuzzi-Baths_Showers_Bali-Hammam.jpg\" width=\"1920\" height=\"1920\" alt=\"\" title=\"Jacuzzi\u00ae Baths Showers Bali-Hammam\" aria-label=\"Jacuzzi\u00ae Baths Showers Bali-Hammam\" class=\"img-responsive wp-image-782\" srcset=\"https:\/\/aqua-spa.hr\/wp-content\/uploads\/2023\/12\/Jacuzzi-Baths_Showers_Bali-Hammam-200x200.jpg 200w, https:\/\/aqua-spa.hr\/wp-content\/uploads\/2023\/12\/Jacuzzi-Baths_Showers_Bali-Hammam-400x400.jpg 400w, https:\/\/aqua-spa.hr\/wp-content\/uploads\/2023\/12\/Jacuzzi-Baths_Showers_Bali-Hammam-600x600.jpg 600w, https:\/\/aqua-spa.hr\/wp-content\/uploads\/2023\/12\/Jacuzzi-Baths_Showers_Bali-Hammam-800x800.jpg 800w, https:\/\/aqua-spa.hr\/wp-content\/uploads\/2023\/12\/Jacuzzi-Baths_Showers_Bali-Hammam-1200x1200.jpg 1200w, https:\/\/aqua-spa.hr\/wp-content\/uploads\/2023\/12\/Jacuzzi-Baths_Showers_Bali-Hammam.jpg 1920w\" sizes=\"(min-width: 2200px) 100vw, (min-width: 784px) 397px, (min-width: 712px) 595px, (min-width: 640px) 712px, \" \/><\/div><\/a><\/div><\/div><\/div><\/div><\/div><\/div><\/div><\/div><\/p>","protected":false},"excerpt":{"rendered":"","protected":false},"author":1,"featured_media":0,"parent":0,"menu_order":40,"comment_status":"closed","ping_status":"closed","template":"100-width.php","meta":{"_acf_changed":false,"_seopress_robots_primary_cat":"","_seopress_titles_title":"","_seopress_titles_desc":"Veliki izbor originalnih Jacuzzi\u00ae kupaonskih kabina za osobnu upotrebu ili primjenu u turizmu.","_seopress_robots_index":"","footnotes":""},"class_list":["post-771","page","type-page","status-publish","hentry"],"acf":[],"_links":{"self":[{"href":"https:\/\/aqua-spa.hr\/en\/wp-json\/wp\/v2\/pages\/771","targetHints":{"allow":["GET"]}}],"collection":[{"href":"https:\/\/aqua-spa.hr\/en\/wp-json\/wp\/v2\/pages"}],"about":[{"href":"https:\/\/aqua-spa.hr\/en\/wp-json\/wp\/v2\/types\/page"}],"author":[{"embeddable":true,"href":"https:\/\/aqua-spa.hr\/en\/wp-json\/wp\/v2\/users\/1"}],"replies":[{"embeddable":true,"href":"https:\/\/aqua-spa.hr\/en\/wp-json\/wp\/v2\/comments?post=771"}],"version-history":[{"count":21,"href":"https:\/\/aqua-spa.hr\/en\/wp-json\/wp\/v2\/pages\/771\/revisions"}],"predecessor-version":[{"id":2482,"href":"https:\/\/aqua-spa.hr\/en\/wp-json\/wp\/v2\/pages\/771\/revisions\/2482"}],"wp:attachment":[{"href":"https:\/\/aqua-spa.hr\/en\/wp-json\/wp\/v2\/media?parent=771"}],"curies":[{"name":"wp","href":"https:\/\/api.w.org\/{rel}","templated":true}]}}