{"id":75,"date":"2023-11-27T05:45:09","date_gmt":"2023-11-27T04:45:09","guid":{"rendered":"https:\/\/www.aqua-spa.hr\/?page_id=75"},"modified":"2025-11-13T20:56:06","modified_gmt":"2025-11-13T19:56:06","slug":"jacuzzi-saune","status":"publish","type":"page","link":"https:\/\/aqua-spa.hr\/en\/jacuzzi-saune\/","title":{"rendered":"Saune"},"content":{"rendered":"<p><div class=\"fusion-fullwidth fullwidth-box fusion-builder-row-1 fusion-flex-container nonhundred-percent-fullwidth non-hundred-percent-height-scrolling\" style=\"--awb-border-radius-top-left:0px;--awb-border-radius-top-right:0px;--awb-border-radius-bottom-right:0px;--awb-border-radius-bottom-left:0px;--awb-flex-wrap:wrap;\" ><div class=\"fusion-builder-row fusion-row fusion-flex-align-items-flex-start fusion-flex-content-wrap\" style=\"max-width:1248px;margin-left: calc(-4% \/ 2 );margin-right: calc(-4% \/ 2 );\"><div class=\"fusion-layout-column fusion_builder_column fusion-builder-column-0 fusion_builder_column_1_1 1_1 fusion-flex-column\" style=\"--awb-bg-blend:overlay;--awb-bg-size:cover;--awb-width-large:100%;--awb-margin-top-large:0px;--awb-spacing-right-large:1.92%;--awb-margin-bottom-large:0px;--awb-spacing-left-large:1.92%;--awb-width-medium:100%;--awb-spacing-right-medium:1.92%;--awb-spacing-left-medium:1.92%;--awb-width-small:100%;--awb-spacing-right-small:1.92%;--awb-spacing-left-small:1.92%;\"><div class=\"fusion-column-wrapper fusion-flex-justify-content-flex-start fusion-content-layout-column\"><div class=\"fusion-title title fusion-title-1 fusion-sep-none fusion-title-text fusion-title-size-one\"><h1 class=\"fusion-title-heading title-heading-left\" style=\"margin:0;\">WELLNESS &#8211; Jacuzzi\u00ae saune<\/h1><\/div><\/div><\/div><\/div><\/div><div class=\"fusion-fullwidth fullwidth-box fusion-builder-row-2 fusion-flex-container has-pattern-background has-mask-background nonhundred-percent-fullwidth non-hundred-percent-height-scrolling\" style=\"--awb-border-radius-top-left:0px;--awb-border-radius-top-right:0px;--awb-border-radius-bottom-right:0px;--awb-border-radius-bottom-left:0px;--awb-margin-top:40px;--awb-flex-wrap:wrap;\" ><div class=\"fusion-builder-row fusion-row fusion-flex-align-items-flex-start fusion-flex-content-wrap\" style=\"max-width:1248px;margin-left: calc(-4% \/ 2 );margin-right: calc(-4% \/ 2 );\"><div class=\"fusion-layout-column fusion_builder_column fusion-builder-column-1 fusion_builder_column_1_3 1_3 fusion-flex-column\" style=\"--awb-bg-size:cover;--awb-width-large:33.333333333333%;--awb-margin-top-large:0px;--awb-spacing-right-large:5.76%;--awb-margin-bottom-large:20px;--awb-spacing-left-large:5.76%;--awb-width-medium:33.333333333333%;--awb-order-medium:0;--awb-spacing-right-medium:5.76%;--awb-spacing-left-medium:5.76%;--awb-width-small:100%;--awb-order-small:0;--awb-spacing-right-small:1.92%;--awb-spacing-left-small:1.92%;\"><div class=\"fusion-column-wrapper fusion-column-has-shadow fusion-flex-justify-content-flex-start fusion-content-layout-column\"><div class=\"fusion-text fusion-text-1\" style=\"--awb-content-alignment:justify;\"><p><strong>Jacuzzi\u00ae zadnjih godina sve ve\u0107i fokus stavlja na wellness te ula\u017ee u razvoj raznih multifunkcionalnih i ekskluzivnih sauna, jedinstvenog dizajna i savr\u0161ene zavr\u0161ne obrade.<\/strong><\/p>\n<p><strong>Jacuzzi\u00ae ne radi saune po mjeri<\/strong>, ve\u0107 nudi razne unaprijed definirane opcije razli\u010ditih formata, funkcija, opreme i zavr\u0161ne obrade. Iz tog razloga, ispravan je put saune unaprijed planirati u fazi projektiranja.<\/p>\n<\/div><\/div><\/div><div class=\"fusion-layout-column fusion_builder_column fusion-builder-column-2 fusion_builder_column_1_3 1_3 fusion-flex-column\" style=\"--awb-bg-size:cover;--awb-width-large:33.333333333333%;--awb-margin-top-large:0px;--awb-spacing-right-large:5.76%;--awb-margin-bottom-large:20px;--awb-spacing-left-large:5.76%;--awb-width-medium:33.333333333333%;--awb-order-medium:0;--awb-spacing-right-medium:5.76%;--awb-spacing-left-medium:5.76%;--awb-width-small:100%;--awb-order-small:0;--awb-spacing-right-small:1.92%;--awb-spacing-left-small:1.92%;\"><div class=\"fusion-column-wrapper fusion-column-has-shadow fusion-flex-justify-content-flex-start fusion-content-layout-column\"><div class=\"fusion-text fusion-text-2\" style=\"--awb-content-alignment:justify;\"><p><b>Za\u0161to su Jacuzzi\u00ae multifunkcionalne saune me\u0111u najskupljima na tr\u017ei\u0161tu? <\/b>Kupnjom Jacuzzi\u00ae sauna rije\u0161ili ste vi\u0161e problema \u201cjednim udarcem&#8221;, a \u0161to zna\u010di da imate jednog dobavlja\u010da, jednog servisera, profesionalan pristup te najbolje \u0161to wellness danas mo\u017ee pru\u017eiti. Mo\u017eda na prvu proizvodi djeluju skupo, no kada bi sve \u0161to Jacuzzi\u00ae nudi radili odvojeno, cijena bi bila i vi\u0161a. Jo\u0161 jedna prednost su brzi rokovi isporuke (30-60 dana), ali i brza instalacija proizvoda od strane na\u0161ih ovla\u0161tenih tehni\u010dara.<\/p>\n<\/div><\/div><\/div><div class=\"fusion-layout-column fusion_builder_column fusion-builder-column-3 fusion_builder_column_1_3 1_3 fusion-flex-column\" style=\"--awb-bg-size:cover;--awb-width-large:33.333333333333%;--awb-margin-top-large:0px;--awb-spacing-right-large:5.76%;--awb-margin-bottom-large:20px;--awb-spacing-left-large:5.76%;--awb-width-medium:33.333333333333%;--awb-order-medium:0;--awb-spacing-right-medium:5.76%;--awb-spacing-left-medium:5.76%;--awb-width-small:100%;--awb-order-small:0;--awb-spacing-right-small:1.92%;--awb-spacing-left-small:1.92%;\"><div class=\"fusion-column-wrapper fusion-column-has-shadow fusion-flex-justify-content-flex-start fusion-content-layout-column\"><div class=\"fusion-image-element\" style=\"--awb-aspect-ratio: 100 \/ 48;--awb-object-position:32% 100%;--awb-caption-title-font-family:var(--h2_typography-font-family);--awb-caption-title-font-weight:var(--h2_typography-font-weight);--awb-caption-title-font-style:var(--h2_typography-font-style);--awb-caption-title-size:var(--h2_typography-font-size);--awb-caption-title-transform:var(--h2_typography-text-transform);--awb-caption-title-line-height:var(--h2_typography-line-height);--awb-caption-title-letter-spacing:var(--h2_typography-letter-spacing);\"><span class=\"fusion-imageframe imageframe-none imageframe-1 hover-type-none has-aspect-ratio\"><a class=\"fusion-no-lightbox\" href=\"https:\/\/aqua-spa.hr\/wp-content\/uploads\/2025\/02\/Jacuzzi_Pricelist-Wellness_2025-02-01_EUR_IT-EN.pdf\" target=\"_blank\" aria-label=\"Jacuzzi_Wellness-Catalogue-2023_EN\" rel=\"noopener noreferrer\"><img decoding=\"async\" width=\"1080\" height=\"1527\" alt=\"Preuzmi Wellness PDF katalog.\" src=\"https:\/\/aqua-spa.hr\/wp-content\/uploads\/2023\/12\/Jacuzzi_Wellness-Catalogue-2023_EN.jpg\" class=\"img-responsive wp-image-866 img-with-aspect-ratio\" data-parent-fit=\"cover\" data-parent-container=\".fusion-image-element\" srcset=\"https:\/\/aqua-spa.hr\/wp-content\/uploads\/2023\/12\/Jacuzzi_Wellness-Catalogue-2023_EN-200x283.jpg 200w, https:\/\/aqua-spa.hr\/wp-content\/uploads\/2023\/12\/Jacuzzi_Wellness-Catalogue-2023_EN-400x566.jpg 400w, https:\/\/aqua-spa.hr\/wp-content\/uploads\/2023\/12\/Jacuzzi_Wellness-Catalogue-2023_EN-600x848.jpg 600w, https:\/\/aqua-spa.hr\/wp-content\/uploads\/2023\/12\/Jacuzzi_Wellness-Catalogue-2023_EN-800x1131.jpg 800w, https:\/\/aqua-spa.hr\/wp-content\/uploads\/2023\/12\/Jacuzzi_Wellness-Catalogue-2023_EN.jpg 1080w\" sizes=\"(max-width: 640px) 100vw, 400px\" \/><\/a><\/span><\/div><div style=\"text-align:center;\"><a class=\"fusion-button button-flat fusion-button-default-size button-default fusion-button-default button-1 fusion-button-span-yes fusion-button-default-type\" style=\"--button-border-radius-top-left:0;--button-border-radius-top-right:0;--button-border-radius-bottom-right:0;--button-border-radius-bottom-left:0;--button_font_size:13px;\" target=\"_blank\" rel=\"noopener noreferrer\" href=\"https:\/\/aqua-spa.hr\/wp-content\/uploads\/2024\/02\/Jacuzzi_Catalogue-Wellness_2023_EN.pdf\"><span class=\"fusion-button-text awb-button__text awb-button__text--default\">Preuzmi Wellness PDF katalog.<\/span><\/a><\/div><\/div><\/div><\/div><\/div><div class=\"fusion-fullwidth fullwidth-box fusion-builder-row-3 fusion-flex-container has-pattern-background has-mask-background nonhundred-percent-fullwidth non-hundred-percent-height-scrolling\" style=\"--awb-border-radius-top-left:0px;--awb-border-radius-top-right:0px;--awb-border-radius-bottom-right:0px;--awb-border-radius-bottom-left:0px;--awb-margin-top:20px;--awb-flex-wrap:wrap;\" ><div class=\"fusion-builder-row fusion-row fusion-flex-align-items-flex-start fusion-flex-content-wrap\" style=\"max-width:1248px;margin-left: calc(-4% \/ 2 );margin-right: calc(-4% \/ 2 );\"><div class=\"fusion-layout-column fusion_builder_column fusion-builder-column-4 fusion_builder_column_1_3 1_3 fusion-flex-column\" style=\"--awb-bg-size:cover;--awb-width-large:33.333333333333%;--awb-margin-top-large:0px;--awb-spacing-right-large:5.76%;--awb-margin-bottom-large:20px;--awb-spacing-left-large:5.76%;--awb-width-medium:33.333333333333%;--awb-order-medium:0;--awb-spacing-right-medium:5.76%;--awb-spacing-left-medium:5.76%;--awb-width-small:100%;--awb-order-small:0;--awb-spacing-right-small:1.92%;--awb-spacing-left-small:1.92%;\"><div class=\"fusion-column-wrapper fusion-column-has-shadow fusion-flex-justify-content-flex-start fusion-content-layout-column\"><div class=\"fusion-title title fusion-title-2 fusion-sep-none fusion-title-text fusion-title-size-two\" style=\"--awb-text-color:var(--awb-color5);\"><h2 class=\"fusion-title-heading title-heading-left\" style=\"margin:0;\"><a href=\"https:\/\/aqua-spa.hr\/en\/wellness\/jacuzzi-sasha-mi\/\" class=\"awb-custom-text-color awb-custom-text-hover-color\" target=\"_self\">Sasha-Mi<\/a><\/h2><\/div><div class=\"fusion-image-element\" style=\"--awb-caption-title-font-family:var(--h2_typography-font-family);--awb-caption-title-font-weight:var(--h2_typography-font-weight);--awb-caption-title-font-style:var(--h2_typography-font-style);--awb-caption-title-size:var(--h2_typography-font-size);--awb-caption-title-transform:var(--h2_typography-text-transform);--awb-caption-title-line-height:var(--h2_typography-line-height);--awb-caption-title-letter-spacing:var(--h2_typography-letter-spacing);\"><span class=\"fusion-imageframe imageframe-none imageframe-2 hover-type-none\"><a class=\"fusion-no-lightbox\" href=\"https:\/\/aqua-spa.hr\/en\/wellness\/jacuzzi-sasha-mi\/\" target=\"_self\" aria-label=\"Jacuzzi-Wellnes_SASHA-MI_Black_Lifestyle_1\"><img decoding=\"async\" width=\"1920\" height=\"1357\" src=\"https:\/\/aqua-spa.hr\/wp-content\/uploads\/2023\/12\/Jacuzzi-Wellnes_SASHA-MI_Black_Lifestyle_1.jpg\" alt class=\"img-responsive wp-image-833\" srcset=\"https:\/\/aqua-spa.hr\/wp-content\/uploads\/2023\/12\/Jacuzzi-Wellnes_SASHA-MI_Black_Lifestyle_1-200x141.jpg 200w, https:\/\/aqua-spa.hr\/wp-content\/uploads\/2023\/12\/Jacuzzi-Wellnes_SASHA-MI_Black_Lifestyle_1-400x283.jpg 400w, https:\/\/aqua-spa.hr\/wp-content\/uploads\/2023\/12\/Jacuzzi-Wellnes_SASHA-MI_Black_Lifestyle_1-600x424.jpg 600w, https:\/\/aqua-spa.hr\/wp-content\/uploads\/2023\/12\/Jacuzzi-Wellnes_SASHA-MI_Black_Lifestyle_1-800x565.jpg 800w, https:\/\/aqua-spa.hr\/wp-content\/uploads\/2023\/12\/Jacuzzi-Wellnes_SASHA-MI_Black_Lifestyle_1-1200x848.jpg 1200w, https:\/\/aqua-spa.hr\/wp-content\/uploads\/2023\/12\/Jacuzzi-Wellnes_SASHA-MI_Black_Lifestyle_1.jpg 1920w\" sizes=\"(max-width: 640px) 100vw, 400px\" \/><\/a><\/span><\/div><div class=\"fusion-text fusion-text-3\" style=\"--awb-margin-top:20px;\"><p>U dva zasebna segmenta povezana staklom, na svega 260&#215;120, Sasha-Mi nudi 9 razli\u010ditih tretmana i funkcija.<\/p>\n<\/div><\/div><\/div><div class=\"fusion-layout-column fusion_builder_column fusion-builder-column-5 fusion_builder_column_1_3 1_3 fusion-flex-column\" style=\"--awb-bg-size:cover;--awb-width-large:33.333333333333%;--awb-margin-top-large:0px;--awb-spacing-right-large:5.76%;--awb-margin-bottom-large:20px;--awb-spacing-left-large:5.76%;--awb-width-medium:33.333333333333%;--awb-order-medium:0;--awb-spacing-right-medium:5.76%;--awb-spacing-left-medium:5.76%;--awb-width-small:100%;--awb-order-small:0;--awb-spacing-right-small:1.92%;--awb-spacing-left-small:1.92%;\"><div class=\"fusion-column-wrapper fusion-column-has-shadow fusion-flex-justify-content-flex-start fusion-content-layout-column\"><div class=\"fusion-title title fusion-title-3 fusion-sep-none fusion-title-text fusion-title-size-two\" style=\"--awb-text-color:var(--awb-color5);\"><h2 class=\"fusion-title-heading title-heading-left\" style=\"margin:0;\"><a href=\"https:\/\/aqua-spa.hr\/en\/wellness\/jacuzzi-sasha\/\" class=\"awb-custom-text-color awb-custom-text-hover-color\" target=\"_self\">Sasha<\/a><\/h2><\/div><div class=\"fusion-image-element\" style=\"--awb-caption-title-font-family:var(--h2_typography-font-family);--awb-caption-title-font-weight:var(--h2_typography-font-weight);--awb-caption-title-font-style:var(--h2_typography-font-style);--awb-caption-title-size:var(--h2_typography-font-size);--awb-caption-title-transform:var(--h2_typography-text-transform);--awb-caption-title-line-height:var(--h2_typography-line-height);--awb-caption-title-letter-spacing:var(--h2_typography-letter-spacing);\"><span class=\"fusion-imageframe imageframe-none imageframe-3 hover-type-none\"><a class=\"fusion-no-lightbox\" href=\"https:\/\/aqua-spa.hr\/en\/wellness\/jacuzzi-sasha\/\" target=\"_self\" aria-label=\"Jacuzzi-Wellness_SASHA-Sauna-Shower-Hammam_White_Lifestyle_1\"><img decoding=\"async\" width=\"1920\" height=\"1357\" src=\"https:\/\/aqua-spa.hr\/wp-content\/uploads\/2023\/12\/Jacuzzi-Wellness_SASHA-Sauna-Shower-Hammam_White_Lifestyle_1.jpg\" alt class=\"img-responsive wp-image-859\" srcset=\"https:\/\/aqua-spa.hr\/wp-content\/uploads\/2023\/12\/Jacuzzi-Wellness_SASHA-Sauna-Shower-Hammam_White_Lifestyle_1-200x141.jpg 200w, https:\/\/aqua-spa.hr\/wp-content\/uploads\/2023\/12\/Jacuzzi-Wellness_SASHA-Sauna-Shower-Hammam_White_Lifestyle_1-400x283.jpg 400w, https:\/\/aqua-spa.hr\/wp-content\/uploads\/2023\/12\/Jacuzzi-Wellness_SASHA-Sauna-Shower-Hammam_White_Lifestyle_1-600x424.jpg 600w, https:\/\/aqua-spa.hr\/wp-content\/uploads\/2023\/12\/Jacuzzi-Wellness_SASHA-Sauna-Shower-Hammam_White_Lifestyle_1-800x565.jpg 800w, https:\/\/aqua-spa.hr\/wp-content\/uploads\/2023\/12\/Jacuzzi-Wellness_SASHA-Sauna-Shower-Hammam_White_Lifestyle_1-1200x848.jpg 1200w, https:\/\/aqua-spa.hr\/wp-content\/uploads\/2023\/12\/Jacuzzi-Wellness_SASHA-Sauna-Shower-Hammam_White_Lifestyle_1.jpg 1920w\" sizes=\"(max-width: 640px) 100vw, 400px\" \/><\/a><\/span><\/div><div class=\"fusion-text fusion-text-4\" style=\"--awb-margin-top:20px;\"><p>Na samo 8 m\u00b2, najve\u0107a Sasha 3u1 dimenzija je 402&#215;211, a objedinjuje sve vrste spa programa, odnosno na jednom mjestu nudi se mogu\u0107nost u\u017eivanja u sauni, multifunkcionalnom tu\u0161u i parnoj kupelji.<\/p>\n<\/div><\/div><\/div><div class=\"fusion-layout-column fusion_builder_column fusion-builder-column-6 fusion_builder_column_1_3 1_3 fusion-flex-column\" style=\"--awb-bg-size:cover;--awb-width-large:33.333333333333%;--awb-margin-top-large:0px;--awb-spacing-right-large:5.76%;--awb-margin-bottom-large:20px;--awb-spacing-left-large:5.76%;--awb-width-medium:33.333333333333%;--awb-order-medium:0;--awb-spacing-right-medium:5.76%;--awb-spacing-left-medium:5.76%;--awb-width-small:100%;--awb-order-small:0;--awb-spacing-right-small:1.92%;--awb-spacing-left-small:1.92%;\"><div class=\"fusion-column-wrapper fusion-column-has-shadow fusion-flex-justify-content-flex-start fusion-content-layout-column\"><div class=\"fusion-title title fusion-title-4 fusion-sep-none fusion-title-text fusion-title-size-two\" style=\"--awb-text-color:var(--awb-color5);\"><h2 class=\"fusion-title-heading title-heading-left\" style=\"margin:0;\"><a href=\"https:\/\/aqua-spa.hr\/en\/wellness\/jacuzzi-mood\/\" class=\"awb-custom-text-color awb-custom-text-hover-color\" target=\"_self\">Mood<\/a><\/h2><\/div><div class=\"fusion-image-element\" style=\"--awb-caption-title-font-family:var(--h2_typography-font-family);--awb-caption-title-font-weight:var(--h2_typography-font-weight);--awb-caption-title-font-style:var(--h2_typography-font-style);--awb-caption-title-size:var(--h2_typography-font-size);--awb-caption-title-transform:var(--h2_typography-text-transform);--awb-caption-title-line-height:var(--h2_typography-line-height);--awb-caption-title-letter-spacing:var(--h2_typography-letter-spacing);\"><span class=\"fusion-imageframe imageframe-none imageframe-4 hover-type-none\"><a class=\"fusion-no-lightbox\" href=\"https:\/\/aqua-spa.hr\/en\/wellness\/jacuzzi-mood\/\" target=\"_self\" aria-label=\"Jacuzzi-Wellness_MOOD-M-Front-Glass_LH_Lifestyle-1_Linden\"><img decoding=\"async\" width=\"1920\" height=\"1357\" src=\"https:\/\/aqua-spa.hr\/wp-content\/uploads\/2023\/12\/Jacuzzi-Wellness_MOOD-M-Front-Glass_LH_Lifestyle-1_Linden.jpg\" alt class=\"img-responsive wp-image-818\" srcset=\"https:\/\/aqua-spa.hr\/wp-content\/uploads\/2023\/12\/Jacuzzi-Wellness_MOOD-M-Front-Glass_LH_Lifestyle-1_Linden-200x141.jpg 200w, https:\/\/aqua-spa.hr\/wp-content\/uploads\/2023\/12\/Jacuzzi-Wellness_MOOD-M-Front-Glass_LH_Lifestyle-1_Linden-400x283.jpg 400w, https:\/\/aqua-spa.hr\/wp-content\/uploads\/2023\/12\/Jacuzzi-Wellness_MOOD-M-Front-Glass_LH_Lifestyle-1_Linden-600x424.jpg 600w, https:\/\/aqua-spa.hr\/wp-content\/uploads\/2023\/12\/Jacuzzi-Wellness_MOOD-M-Front-Glass_LH_Lifestyle-1_Linden-800x565.jpg 800w, https:\/\/aqua-spa.hr\/wp-content\/uploads\/2023\/12\/Jacuzzi-Wellness_MOOD-M-Front-Glass_LH_Lifestyle-1_Linden-1200x848.jpg 1200w, https:\/\/aqua-spa.hr\/wp-content\/uploads\/2023\/12\/Jacuzzi-Wellness_MOOD-M-Front-Glass_LH_Lifestyle-1_Linden.jpg 1920w\" sizes=\"(max-width: 640px) 100vw, 400px\" \/><\/a><\/span><\/div><div class=\"fusion-text fusion-text-5\" style=\"--awb-margin-top:20px;\"><p>Jacuzzi\u00ae saune serije MOOD su prave finske saune upakirane u talijanski dizajn, nenadma\u0161ive kvalitete i zavr\u0161ne obrade.<\/p>\n<\/div><\/div><\/div><\/div><\/div><\/p>","protected":false},"excerpt":{"rendered":"","protected":false},"author":1,"featured_media":0,"parent":0,"menu_order":20,"comment_status":"closed","ping_status":"closed","template":"100-width.php","meta":{"_acf_changed":false,"_seopress_robots_primary_cat":"","_seopress_titles_title":"","_seopress_titles_desc":"Veliki izbor originalnih Jacuzzi\u00ae sauna za osobnu upotrebu ili primjenu u turizmu.","_seopress_robots_index":"","footnotes":""},"class_list":["post-75","page","type-page","status-publish","hentry"],"acf":[],"_links":{"self":[{"href":"https:\/\/aqua-spa.hr\/en\/wp-json\/wp\/v2\/pages\/75","targetHints":{"allow":["GET"]}}],"collection":[{"href":"https:\/\/aqua-spa.hr\/en\/wp-json\/wp\/v2\/pages"}],"about":[{"href":"https:\/\/aqua-spa.hr\/en\/wp-json\/wp\/v2\/types\/page"}],"author":[{"embeddable":true,"href":"https:\/\/aqua-spa.hr\/en\/wp-json\/wp\/v2\/users\/1"}],"replies":[{"embeddable":true,"href":"https:\/\/aqua-spa.hr\/en\/wp-json\/wp\/v2\/comments?post=75"}],"version-history":[{"count":36,"href":"https:\/\/aqua-spa.hr\/en\/wp-json\/wp\/v2\/pages\/75\/revisions"}],"predecessor-version":[{"id":2461,"href":"https:\/\/aqua-spa.hr\/en\/wp-json\/wp\/v2\/pages\/75\/revisions\/2461"}],"wp:attachment":[{"href":"https:\/\/aqua-spa.hr\/en\/wp-json\/wp\/v2\/media?parent=75"}],"curies":[{"name":"wp","href":"https:\/\/api.w.org\/{rel}","templated":true}]}}