{"id":68,"date":"2023-11-27T05:38:08","date_gmt":"2023-11-27T04:38:08","guid":{"rendered":"https:\/\/www.aqua-spa.hr\/?page_id=68"},"modified":"2025-11-13T20:26:32","modified_gmt":"2025-11-13T19:26:32","slug":"jacuzzi-bazeni","status":"publish","type":"page","link":"https:\/\/aqua-spa.hr\/en\/jacuzzi-bazeni\/","title":{"rendered":"Jacuzzi\u00ae bazeni"},"content":{"rendered":"<p><div class=\"fusion-fullwidth fullwidth-box fusion-builder-row-1 fusion-flex-container has-pattern-background has-mask-background nonhundred-percent-fullwidth non-hundred-percent-height-scrolling\" style=\"--awb-border-radius-top-left:0px;--awb-border-radius-top-right:0px;--awb-border-radius-bottom-right:0px;--awb-border-radius-bottom-left:0px;--awb-flex-wrap:wrap;\" ><div class=\"fusion-builder-row fusion-row fusion-flex-align-items-flex-start fusion-flex-content-wrap\" style=\"max-width:1248px;margin-left: calc(-4% \/ 2 );margin-right: calc(-4% \/ 2 );\"><div class=\"fusion-layout-column fusion_builder_column fusion-builder-column-0 fusion_builder_column_1_1 1_1 fusion-flex-column\" style=\"--awb-bg-size:cover;--awb-width-large:100%;--awb-margin-top-large:0px;--awb-spacing-right-large:1.92%;--awb-margin-bottom-large:20px;--awb-spacing-left-large:1.92%;--awb-width-medium:100%;--awb-order-medium:0;--awb-spacing-right-medium:1.92%;--awb-spacing-left-medium:1.92%;--awb-width-small:100%;--awb-order-small:0;--awb-spacing-right-small:1.92%;--awb-spacing-left-small:1.92%;\"><div class=\"fusion-column-wrapper fusion-column-has-shadow fusion-flex-justify-content-flex-start fusion-content-layout-column\"><div class=\"fusion-title title fusion-title-1 fusion-sep-none fusion-title-text fusion-title-size-one\"><h1 class=\"fusion-title-heading title-heading-left\" style=\"margin:0;\">Jacuzzi\u00ae hidromasa\u017eni bazeni<\/h1><\/div><\/div><\/div><\/div><\/div><div class=\"fusion-fullwidth fullwidth-box fusion-builder-row-2 fusion-flex-container has-pattern-background has-mask-background nonhundred-percent-fullwidth non-hundred-percent-height-scrolling\" style=\"--awb-border-radius-top-left:0px;--awb-border-radius-top-right:0px;--awb-border-radius-bottom-right:0px;--awb-border-radius-bottom-left:0px;--awb-padding-bottom:0px;--awb-margin-bottom:0px;--awb-flex-wrap:wrap;\" ><div class=\"fusion-builder-row fusion-row fusion-flex-align-items-flex-start fusion-flex-content-wrap\" style=\"max-width:1248px;margin-left: calc(-4% \/ 2 );margin-right: calc(-4% \/ 2 );\"><div class=\"fusion-layout-column fusion_builder_column fusion-builder-column-1 fusion_builder_column_1_4 1_4 fusion-flex-column\" style=\"--awb-bg-size:cover;--awb-width-large:25%;--awb-margin-top-large:0px;--awb-spacing-right-large:7.68%;--awb-margin-bottom-large:20px;--awb-spacing-left-large:7.68%;--awb-width-medium:25%;--awb-order-medium:0;--awb-spacing-right-medium:7.68%;--awb-spacing-left-medium:7.68%;--awb-width-small:100%;--awb-order-small:0;--awb-spacing-right-small:1.92%;--awb-spacing-left-small:1.92%;\"><div class=\"fusion-column-wrapper fusion-column-has-shadow fusion-flex-justify-content-flex-start fusion-content-layout-column\"><div class=\"fusion-text fusion-text-1\" style=\"--awb-content-alignment:justify;--awb-font-size:16px;\"><p>Jacuzzi\u00ae bazeni nude kvalitetu i sigurnost u intenzivnoj komercijalnoj upotrebi, ali i kao ekskluzivni privatni proizvodi. Bilo da se radi o ljetu ili zimi, unutra\u0161njem ili vanjskom prostoru, Jacuzzi\u00ae bazeni stvaraju neponovljive trenutke za vas, va\u0161e voljene osobe ili va\u0161e goste.<\/p>\n<\/div><\/div><\/div><div class=\"fusion-layout-column fusion_builder_column fusion-builder-column-2 fusion_builder_column_1_4 1_4 fusion-flex-column\" style=\"--awb-bg-size:cover;--awb-width-large:25%;--awb-margin-top-large:0px;--awb-spacing-right-large:7.68%;--awb-margin-bottom-large:20px;--awb-spacing-left-large:7.68%;--awb-width-medium:25%;--awb-order-medium:0;--awb-spacing-right-medium:7.68%;--awb-spacing-left-medium:7.68%;--awb-width-small:100%;--awb-order-small:0;--awb-spacing-right-small:1.92%;--awb-spacing-left-small:1.92%;\"><div class=\"fusion-column-wrapper fusion-column-has-shadow fusion-flex-justify-content-flex-start fusion-content-layout-column\"><div class=\"fusion-text fusion-text-2\" style=\"--awb-content-alignment:justify;--awb-font-size:16px;\"><p>Kupanje u Jacuzzi\u00ae bazenu jedinstveno je iskustvo, potpuno razli\u010dito od kupanja u klasi\u010dnom bazenu ili kadi. Temperatura vode koja je toplija od bazenske vode te ostale vodene i zra\u010dne mlaznice koje se ispreple\u0107u u me\u0111usobnoj igri djeluju opu\u0161taju\u0107i na tijelo i psihu.<\/p>\n<\/div><\/div><\/div><div class=\"fusion-layout-column fusion_builder_column fusion-builder-column-3 fusion_builder_column_1_4 1_4 fusion-flex-column\" style=\"--awb-bg-size:cover;--awb-width-large:25%;--awb-margin-top-large:0px;--awb-spacing-right-large:7.68%;--awb-margin-bottom-large:20px;--awb-spacing-left-large:7.68%;--awb-width-medium:25%;--awb-order-medium:0;--awb-spacing-right-medium:7.68%;--awb-spacing-left-medium:7.68%;--awb-width-small:100%;--awb-order-small:0;--awb-spacing-right-small:1.92%;--awb-spacing-left-small:1.92%;\"><div class=\"fusion-column-wrapper fusion-column-has-shadow fusion-flex-justify-content-flex-start fusion-content-layout-column\"><div class=\"fusion-text fusion-text-3\" style=\"--awb-content-alignment:justify;--awb-font-size:16px;\"><p>Jacuzzi\u00ae je do sada razvio vi\u0161e ekskluzivnih linija proizvoda te kontinuirano radi na novim inovacijama i modelima.<br \/>\nDio asortimana namijenjen je privatnoj uporabi, a dio profesi-onalnoj i komercijalnoj uporabi u hotelima, vilama, lje\u010dili\u0161tima, wellness centrima, kampovima, brodovima i sl.<\/p>\n<\/div><\/div><\/div><div class=\"fusion-layout-column fusion_builder_column fusion-builder-column-4 fusion_builder_column_1_4 1_4 fusion-flex-column\" style=\"--awb-bg-size:cover;--awb-width-large:25%;--awb-margin-top-large:0px;--awb-spacing-right-large:7.68%;--awb-margin-bottom-large:20px;--awb-spacing-left-large:7.68%;--awb-width-medium:25%;--awb-order-medium:0;--awb-spacing-right-medium:7.68%;--awb-spacing-left-medium:7.68%;--awb-width-small:100%;--awb-order-small:0;--awb-spacing-right-small:1.92%;--awb-spacing-left-small:1.92%;\"><div class=\"fusion-column-wrapper fusion-column-has-shadow fusion-flex-justify-content-flex-start fusion-content-layout-column\"><div class=\"fusion-image-element\" style=\"--awb-aspect-ratio:3 \/ 2;--awb-object-position:38% 100%;--awb-caption-title-font-family:var(--h2_typography-font-family);--awb-caption-title-font-weight:var(--h2_typography-font-weight);--awb-caption-title-font-style:var(--h2_typography-font-style);--awb-caption-title-size:var(--h2_typography-font-size);--awb-caption-title-transform:var(--h2_typography-text-transform);--awb-caption-title-line-height:var(--h2_typography-line-height);--awb-caption-title-letter-spacing:var(--h2_typography-letter-spacing);\"><span class=\"fusion-imageframe imageframe-none imageframe-1 hover-type-none has-aspect-ratio\"><a class=\"fusion-no-lightbox\" href=\"https:\/\/aqua-spa.hr\/wp-content\/uploads\/2026\/02\/Jacuzzi_Collection-Hot-Tub-Swim-Spa_2026_EN.pdf\" target=\"_blank\" aria-label=\"Jacuzzi_Catalogue-Spa-SwimSpa_2023_EN\" rel=\"noopener noreferrer\"><img decoding=\"async\" width=\"1080\" height=\"1527\" alt=\"Preuzmi PDF katalog Jacuzzi\u00ae bazena.\" src=\"https:\/\/aqua-spa.hr\/wp-content\/uploads\/2024\/01\/Jacuzzi_Catalogue-Spa-SwimSpa_2023_EN.jpg\" class=\"img-responsive wp-image-1468 img-with-aspect-ratio\" data-parent-fit=\"cover\" data-parent-container=\".fusion-image-element\" srcset=\"https:\/\/aqua-spa.hr\/wp-content\/uploads\/2024\/01\/Jacuzzi_Catalogue-Spa-SwimSpa_2023_EN-200x283.jpg 200w, https:\/\/aqua-spa.hr\/wp-content\/uploads\/2024\/01\/Jacuzzi_Catalogue-Spa-SwimSpa_2023_EN-400x566.jpg 400w, https:\/\/aqua-spa.hr\/wp-content\/uploads\/2024\/01\/Jacuzzi_Catalogue-Spa-SwimSpa_2023_EN-600x848.jpg 600w, https:\/\/aqua-spa.hr\/wp-content\/uploads\/2024\/01\/Jacuzzi_Catalogue-Spa-SwimSpa_2023_EN-800x1131.jpg 800w, https:\/\/aqua-spa.hr\/wp-content\/uploads\/2024\/01\/Jacuzzi_Catalogue-Spa-SwimSpa_2023_EN.jpg 1080w\" sizes=\"(max-width: 640px) 100vw, 400px\" \/><\/a><\/span><\/div><div style=\"text-align:center;\"><a class=\"fusion-button button-flat fusion-button-default-size button-default fusion-button-default button-1 fusion-button-default-span fusion-button-default-type\" style=\"--button-border-radius-top-left:0;--button-border-radius-top-right:0;--button-border-radius-bottom-right:0;--button-border-radius-bottom-left:0;--button_font_size:13px;\" target=\"_blank\" rel=\"noopener noreferrer\" href=\"https:\/\/aqua-spa.hr\/wp-content\/uploads\/2024\/02\/Jacuzzi_Catalogue-Spa-SwimSpa_2023_EN.pdf\"><span class=\"fusion-button-text awb-button__text awb-button__text--default\">Preuzmi PDF katalog Jacuzzi\u00ae bazena.<\/span><\/a><\/div><\/div><\/div><\/div><\/div><div class=\"fusion-fullwidth fullwidth-box fusion-builder-row-3 fusion-flex-container has-pattern-background has-mask-background nonhundred-percent-fullwidth non-hundred-percent-height-scrolling\" style=\"--awb-border-radius-top-left:0px;--awb-border-radius-top-right:0px;--awb-border-radius-bottom-right:0px;--awb-border-radius-bottom-left:0px;--awb-flex-wrap:wrap;\" ><div class=\"fusion-builder-row fusion-row fusion-flex-align-items-flex-start fusion-flex-justify-content-center fusion-flex-content-wrap\" style=\"max-width:1248px;margin-left: calc(-4% \/ 2 );margin-right: calc(-4% \/ 2 );\"><div class=\"fusion-layout-column fusion_builder_column fusion-builder-column-5 fusion_builder_column_1_4 1_4 fusion-flex-column\" style=\"--awb-bg-size:cover;--awb-width-large:25%;--awb-margin-top-large:0px;--awb-spacing-right-large:7.68%;--awb-margin-bottom-large:20px;--awb-spacing-left-large:7.68%;--awb-width-medium:25%;--awb-order-medium:0;--awb-spacing-right-medium:7.68%;--awb-spacing-left-medium:7.68%;--awb-width-small:100%;--awb-order-small:0;--awb-spacing-right-small:1.92%;--awb-spacing-left-small:1.92%;\"><div class=\"fusion-column-wrapper fusion-column-has-shadow fusion-flex-justify-content-flex-start fusion-content-layout-column\"><div class=\"fusion-title title fusion-title-2 fusion-sep-none fusion-title-text fusion-title-size-two\" style=\"--awb-text-color:var(--awb-color5);\"><h2 class=\"fusion-title-heading title-heading-left\" style=\"margin:0;\"><a href=\"https:\/\/aqua-spa.hr\/en\/jacuzzi-bazeni\/lodge-za-turizam\/\" class=\"awb-custom-text-color awb-custom-text-hover-color\" target=\"_self\">Lodge+ <span style=\"font-size: 24px;\" data-fusion-font=\"true\">(za turizam)<\/span><\/a><\/h2><\/div><div class=\"fusion-image-element\" style=\"--awb-aspect-ratio:3 \/ 2;--awb-caption-title-font-family:var(--h2_typography-font-family);--awb-caption-title-font-weight:var(--h2_typography-font-weight);--awb-caption-title-font-style:var(--h2_typography-font-style);--awb-caption-title-size:var(--h2_typography-font-size);--awb-caption-title-transform:var(--h2_typography-text-transform);--awb-caption-title-line-height:var(--h2_typography-line-height);--awb-caption-title-letter-spacing:var(--h2_typography-letter-spacing);\"><span class=\"fusion-imageframe imageframe-none imageframe-2 hover-type-none has-aspect-ratio\"><a class=\"fusion-no-lightbox\" href=\"https:\/\/aqua-spa.hr\/en\/jacuzzi-bazeni\/lodge-za-turizam\/\" target=\"_self\" aria-label=\"Jacuzzi&#8212;Lodge&#8212;-Lodge&#8211;L&#8212;Spa-Virtual-Experience\"><img decoding=\"async\" width=\"1109\" height=\"928\" src=\"https:\/\/aqua-spa.hr\/wp-content\/uploads\/2023\/11\/Jacuzzi-Lodge-Lodge-L-Spa-Virtual-Experience.jpg\" class=\"img-responsive wp-image-401 img-with-aspect-ratio\" data-parent-fit=\"cover\" data-parent-container=\".fusion-image-element\" alt srcset=\"https:\/\/aqua-spa.hr\/wp-content\/uploads\/2023\/11\/Jacuzzi-Lodge-Lodge-L-Spa-Virtual-Experience-200x167.jpg 200w, https:\/\/aqua-spa.hr\/wp-content\/uploads\/2023\/11\/Jacuzzi-Lodge-Lodge-L-Spa-Virtual-Experience-400x335.jpg 400w, https:\/\/aqua-spa.hr\/wp-content\/uploads\/2023\/11\/Jacuzzi-Lodge-Lodge-L-Spa-Virtual-Experience-600x502.jpg 600w, https:\/\/aqua-spa.hr\/wp-content\/uploads\/2023\/11\/Jacuzzi-Lodge-Lodge-L-Spa-Virtual-Experience-800x669.jpg 800w, https:\/\/aqua-spa.hr\/wp-content\/uploads\/2023\/11\/Jacuzzi-Lodge-Lodge-L-Spa-Virtual-Experience.jpg 1109w\" sizes=\"(max-width: 640px) 100vw, 400px\" \/><\/a><\/span><\/div><div class=\"fusion-text fusion-text-4\" style=\"--awb-content-alignment:justify;--awb-font-size:16px;--awb-margin-top:20px;\"><p>Jacuzzi\u00ae Lodge+ seriju \u010dine 3 modela razli\u010dite veli\u010dine ciljano razvijenih <strong>za intenzivnu upotrebu u komercijalne svrhe. <\/strong>Najmanji u ponudi je Lodge+ S za 2-3 osobe, najprodavaniji je srednji model Lodge+ M za 4 osobe, a najve\u0107i Lodge+ L je za 5-6 osoba.<\/p>\n<\/div><\/div><\/div><div class=\"fusion-layout-column fusion_builder_column fusion-builder-column-6 fusion_builder_column_1_4 1_4 fusion-flex-column\" style=\"--awb-bg-size:cover;--awb-width-large:25%;--awb-margin-top-large:0px;--awb-spacing-right-large:7.68%;--awb-margin-bottom-large:20px;--awb-spacing-left-large:7.68%;--awb-width-medium:25%;--awb-order-medium:0;--awb-spacing-right-medium:7.68%;--awb-spacing-left-medium:7.68%;--awb-width-small:100%;--awb-order-small:0;--awb-spacing-right-small:1.92%;--awb-spacing-left-small:1.92%;\"><div class=\"fusion-column-wrapper fusion-column-has-shadow fusion-flex-justify-content-flex-start fusion-content-layout-column\"><div class=\"fusion-title title fusion-title-3 fusion-sep-none fusion-title-text fusion-title-size-two\" style=\"--awb-text-color:var(--awb-color5);\"><h2 class=\"fusion-title-heading title-heading-left\" style=\"margin:0;\"><a href=\"https:\/\/aqua-spa.hr\/en\/jacuzzi-bazeni\/italian-design\/\" class=\"awb-custom-text-color awb-custom-text-hover-color\" target=\"_self\">Italian Design<\/a><\/h2><\/div><div class=\"fusion-image-element\" style=\"--awb-aspect-ratio:3 \/ 2;--awb-caption-title-font-family:var(--h2_typography-font-family);--awb-caption-title-font-weight:var(--h2_typography-font-weight);--awb-caption-title-font-style:var(--h2_typography-font-style);--awb-caption-title-size:var(--h2_typography-font-size);--awb-caption-title-transform:var(--h2_typography-text-transform);--awb-caption-title-line-height:var(--h2_typography-line-height);--awb-caption-title-letter-spacing:var(--h2_typography-letter-spacing);\"><span class=\"fusion-imageframe imageframe-none imageframe-3 hover-type-none has-aspect-ratio\"><a class=\"fusion-no-lightbox\" href=\"https:\/\/aqua-spa.hr\/en\/jacuzzi-bazeni\/italian-design\/\" target=\"_self\" aria-label=\"santorini_graphite\"><img decoding=\"async\" width=\"1920\" height=\"960\" src=\"https:\/\/aqua-spa.hr\/wp-content\/uploads\/2023\/11\/santorini_graphite.jpg\" class=\"img-responsive wp-image-483 img-with-aspect-ratio\" data-parent-fit=\"cover\" data-parent-container=\".fusion-image-element\" alt srcset=\"https:\/\/aqua-spa.hr\/wp-content\/uploads\/2023\/11\/santorini_graphite-200x100.jpg 200w, https:\/\/aqua-spa.hr\/wp-content\/uploads\/2023\/11\/santorini_graphite-400x200.jpg 400w, https:\/\/aqua-spa.hr\/wp-content\/uploads\/2023\/11\/santorini_graphite-600x300.jpg 600w, https:\/\/aqua-spa.hr\/wp-content\/uploads\/2023\/11\/santorini_graphite-800x400.jpg 800w, https:\/\/aqua-spa.hr\/wp-content\/uploads\/2023\/11\/santorini_graphite-1200x600.jpg 1200w, https:\/\/aqua-spa.hr\/wp-content\/uploads\/2023\/11\/santorini_graphite.jpg 1920w\" sizes=\"(max-width: 640px) 100vw, 400px\" \/><\/a><\/span><\/div><div class=\"fusion-text fusion-text-5\" style=\"--awb-content-alignment:justify;--awb-font-size:16px;--awb-margin-top:20px;\"><p>Jacuzzi\u00ae bazeni linije Italian design nude \u0161irok raspon modela i veliki izbor opreme, a idealni su za hidromasa\u017eu unutar vlastitog doma. Cijelu seriju potpisuje nekoliko najpoznatijih dizajnera iz svijeta industrije.<\/p>\n<\/div><\/div><\/div><div class=\"fusion-layout-column fusion_builder_column fusion-builder-column-7 fusion_builder_column_1_4 1_4 fusion-flex-column\" style=\"--awb-bg-size:cover;--awb-width-large:25%;--awb-margin-top-large:0px;--awb-spacing-right-large:7.68%;--awb-margin-bottom-large:20px;--awb-spacing-left-large:7.68%;--awb-width-medium:25%;--awb-order-medium:0;--awb-spacing-right-medium:7.68%;--awb-spacing-left-medium:7.68%;--awb-width-small:100%;--awb-order-small:0;--awb-spacing-right-small:1.92%;--awb-spacing-left-small:1.92%;\"><div class=\"fusion-column-wrapper fusion-column-has-shadow fusion-flex-justify-content-flex-start fusion-content-layout-column\"><div class=\"fusion-title title fusion-title-4 fusion-sep-none fusion-title-text fusion-title-size-two\" style=\"--awb-text-color:var(--awb-color5);\"><h2 class=\"fusion-title-heading title-heading-left\" style=\"margin:0;\"><a href=\"https:\/\/aqua-spa.hr\/en\/jacuzzi-bazeni\/premium\/\" class=\"awb-custom-text-color awb-custom-text-hover-color\" target=\"_self\">Premium J-300<\/a><\/h2><\/div><div class=\"fusion-image-element\" style=\"--awb-aspect-ratio:3 \/ 2;--awb-caption-title-font-family:var(--h2_typography-font-family);--awb-caption-title-font-weight:var(--h2_typography-font-weight);--awb-caption-title-font-style:var(--h2_typography-font-style);--awb-caption-title-size:var(--h2_typography-font-size);--awb-caption-title-transform:var(--h2_typography-text-transform);--awb-caption-title-line-height:var(--h2_typography-line-height);--awb-caption-title-letter-spacing:var(--h2_typography-letter-spacing);\"><span class=\"fusion-imageframe imageframe-none imageframe-4 hover-type-none has-aspect-ratio\"><a class=\"fusion-no-lightbox\" href=\"https:\/\/aqua-spa.hr\/en\/jacuzzi-bazeni\/premium\/\" target=\"_self\" aria-label=\"Jacuzzi-Spa_J335_Porcelain_Brushed-Grey\"><img decoding=\"async\" width=\"1200\" height=\"960\" src=\"https:\/\/aqua-spa.hr\/wp-content\/uploads\/2023\/11\/Jacuzzi-Spa_J335_Porcelain_Brushed-Grey.jpg\" class=\"img-responsive wp-image-337 img-with-aspect-ratio\" data-parent-fit=\"cover\" data-parent-container=\".fusion-image-element\" alt srcset=\"https:\/\/aqua-spa.hr\/wp-content\/uploads\/2023\/11\/Jacuzzi-Spa_J335_Porcelain_Brushed-Grey-200x160.jpg 200w, https:\/\/aqua-spa.hr\/wp-content\/uploads\/2023\/11\/Jacuzzi-Spa_J335_Porcelain_Brushed-Grey-400x320.jpg 400w, https:\/\/aqua-spa.hr\/wp-content\/uploads\/2023\/11\/Jacuzzi-Spa_J335_Porcelain_Brushed-Grey-600x480.jpg 600w, https:\/\/aqua-spa.hr\/wp-content\/uploads\/2023\/11\/Jacuzzi-Spa_J335_Porcelain_Brushed-Grey-800x640.jpg 800w, https:\/\/aqua-spa.hr\/wp-content\/uploads\/2023\/11\/Jacuzzi-Spa_J335_Porcelain_Brushed-Grey.jpg 1200w\" sizes=\"(max-width: 640px) 100vw, 400px\" \/><\/a><\/span><\/div><div class=\"fusion-text fusion-text-6\" style=\"--awb-content-alignment:justify;--awb-font-size:16px;--awb-margin-top:20px;\"><p>Jacuzzi\u00ae bazeni linije Premium inspirirani su ameri\u010dkom tradicijom i pogodni su za ekskluzivnu privatnu upotrebu. Iznimna ergonomija i snaga masa\u017ee potvr\u0111uje da se radi o pravim ameri\u010dkim hidromasa\u017enim bazenima gornje klase.<\/p>\n<\/div><\/div><\/div><div class=\"fusion-layout-column fusion_builder_column fusion-builder-column-8 fusion_builder_column_1_4 1_4 fusion-flex-column\" style=\"--awb-bg-size:cover;--awb-width-large:25%;--awb-margin-top-large:0px;--awb-spacing-right-large:7.68%;--awb-margin-bottom-large:20px;--awb-spacing-left-large:7.68%;--awb-width-medium:25%;--awb-order-medium:0;--awb-spacing-right-medium:7.68%;--awb-spacing-left-medium:7.68%;--awb-width-small:100%;--awb-order-small:0;--awb-spacing-right-small:1.92%;--awb-spacing-left-small:1.92%;\"><div class=\"fusion-column-wrapper fusion-column-has-shadow fusion-flex-justify-content-flex-start fusion-content-layout-column\"><div class=\"fusion-title title fusion-title-5 fusion-sep-none fusion-title-text fusion-title-size-two\" style=\"--awb-text-color:var(--awb-color5);\"><h2 class=\"fusion-title-heading title-heading-left\" style=\"margin:0;\"><a href=\"https:\/\/aqua-spa.hr\/en\/jacuzzi-bazeni\/professional\/\" class=\"awb-custom-text-color awb-custom-text-hover-color\" target=\"_self\">Professional<\/a><\/h2><\/div><div class=\"fusion-image-element\" style=\"--awb-aspect-ratio:3 \/ 2;--awb-caption-title-font-family:var(--h2_typography-font-family);--awb-caption-title-font-weight:var(--h2_typography-font-weight);--awb-caption-title-font-style:var(--h2_typography-font-style);--awb-caption-title-size:var(--h2_typography-font-size);--awb-caption-title-transform:var(--h2_typography-text-transform);--awb-caption-title-line-height:var(--h2_typography-line-height);--awb-caption-title-letter-spacing:var(--h2_typography-letter-spacing);\"><span class=\"fusion-imageframe imageframe-none imageframe-5 hover-type-none has-aspect-ratio\"><a class=\"fusion-no-lightbox\" href=\"https:\/\/aqua-spa.hr\/en\/jacuzzi-bazeni\/professional\/\" target=\"_self\" aria-label=\"Jacuzzi-Spa_Enjoy_Porcelain_Lifestyle_1-\"><img decoding=\"async\" width=\"1920\" height=\"1358\" src=\"https:\/\/aqua-spa.hr\/wp-content\/uploads\/2023\/11\/Jacuzzi-Spa_Enjoy_Porcelain_Lifestyle_1-.jpg\" class=\"img-responsive wp-image-356 img-with-aspect-ratio\" data-parent-fit=\"cover\" data-parent-container=\".fusion-image-element\" alt srcset=\"https:\/\/aqua-spa.hr\/wp-content\/uploads\/2023\/11\/Jacuzzi-Spa_Enjoy_Porcelain_Lifestyle_1--200x141.jpg 200w, https:\/\/aqua-spa.hr\/wp-content\/uploads\/2023\/11\/Jacuzzi-Spa_Enjoy_Porcelain_Lifestyle_1--400x283.jpg 400w, https:\/\/aqua-spa.hr\/wp-content\/uploads\/2023\/11\/Jacuzzi-Spa_Enjoy_Porcelain_Lifestyle_1--600x424.jpg 600w, https:\/\/aqua-spa.hr\/wp-content\/uploads\/2023\/11\/Jacuzzi-Spa_Enjoy_Porcelain_Lifestyle_1--800x566.jpg 800w, https:\/\/aqua-spa.hr\/wp-content\/uploads\/2023\/11\/Jacuzzi-Spa_Enjoy_Porcelain_Lifestyle_1--1200x849.jpg 1200w, https:\/\/aqua-spa.hr\/wp-content\/uploads\/2023\/11\/Jacuzzi-Spa_Enjoy_Porcelain_Lifestyle_1-.jpg 1920w\" sizes=\"(max-width: 640px) 100vw, 400px\" \/><\/a><\/span><\/div><div class=\"fusion-text fusion-text-7\" style=\"--awb-content-alignment:justify;--awb-font-size:16px;--awb-margin-top:20px;\"><p>Jacuzzi\u00ae bazeni linije Professional namijenjeni su intenzivnom kori\u0161tenju uz najve\u0107u sigurnost za korisnike. Razvijeni su kao dio profesionalne opreme namijenjene hotelima, lje\u010dili\u0161tima, wellness i fitness centrima.<\/p>\n<\/div><\/div><\/div><\/div><\/div><\/p>","protected":false},"excerpt":{"rendered":"","protected":false},"author":1,"featured_media":0,"parent":0,"menu_order":10,"comment_status":"closed","ping_status":"closed","template":"100-width.php","meta":{"_acf_changed":false,"_seopress_robots_primary_cat":"","_seopress_titles_title":"","_seopress_titles_desc":"Ljeto ili zima, unutra\u0161nji ili vanjski prostor, Jacuzzi\u00ae bazeni stvaraju neponovljive trenutke za vas, va\u0161e voljene osobe ili va\u0161e goste.","_seopress_robots_index":"","footnotes":""},"class_list":["post-68","page","type-page","status-publish","hentry"],"acf":[],"_links":{"self":[{"href":"https:\/\/aqua-spa.hr\/en\/wp-json\/wp\/v2\/pages\/68","targetHints":{"allow":["GET"]}}],"collection":[{"href":"https:\/\/aqua-spa.hr\/en\/wp-json\/wp\/v2\/pages"}],"about":[{"href":"https:\/\/aqua-spa.hr\/en\/wp-json\/wp\/v2\/types\/page"}],"author":[{"embeddable":true,"href":"https:\/\/aqua-spa.hr\/en\/wp-json\/wp\/v2\/users\/1"}],"replies":[{"embeddable":true,"href":"https:\/\/aqua-spa.hr\/en\/wp-json\/wp\/v2\/comments?post=68"}],"version-history":[{"count":73,"href":"https:\/\/aqua-spa.hr\/en\/wp-json\/wp\/v2\/pages\/68\/revisions"}],"predecessor-version":[{"id":2457,"href":"https:\/\/aqua-spa.hr\/en\/wp-json\/wp\/v2\/pages\/68\/revisions\/2457"}],"wp:attachment":[{"href":"https:\/\/aqua-spa.hr\/en\/wp-json\/wp\/v2\/media?parent=68"}],"curies":[{"name":"wp","href":"https:\/\/api.w.org\/{rel}","templated":true}]}}